{"id":369,"date":"2025-01-24T16:44:23","date_gmt":"2025-01-24T15:44:23","guid":{"rendered":"https:\/\/armor-arsenal.com\/?page_id=369"},"modified":"2025-02-03T15:40:59","modified_gmt":"2025-02-03T14:40:59","slug":"feed-and-drain-valves","status":"publish","type":"page","link":"https:\/\/armor-arsenal.com\/fr\/products\/feed-and-drain-valves\/","title":{"rendered":"Feed-and-Drain Valves"},"content":{"rendered":"<div data-elementor-type=\"wp-page\" data-elementor-id=\"369\" class=\"elementor elementor-369\">\n\t\t\t\t<div class=\"elementor-element elementor-element-9325dd3 e-flex e-con-boxed e-con e-parent\" data-id=\"9325dd3\" data-element_type=\"container\" data-e-type=\"container\">\n\t\t\t\t\t<div class=\"e-con-inner\">\n\t\t\t\t<div class=\"elementor-element elementor-element-e22fcfc elementor-widget elementor-widget-heading\" data-id=\"e22fcfc\" data-element_type=\"widget\" data-e-type=\"widget\" data-widget_type=\"heading.default\">\n\t\t\t\t<div class=\"elementor-widget-container\">\n\t\t\t\t\t<h2 class=\"elementor-heading-title elementor-size-default\">Feed-and-Drain Valves<\/h2>\t\t\t\t<\/div>\n\t\t\t\t<\/div>\n\t\t\t\t<div class=\"elementor-element elementor-element-6c3d7d8 elementor-widget-divider--view-line elementor-widget elementor-widget-divider\" data-id=\"6c3d7d8\" data-element_type=\"widget\" data-e-type=\"widget\" data-widget_type=\"divider.default\">\n\t\t\t\t<div class=\"elementor-widget-container\">\n\t\t\t\t\t\t\t<div class=\"elementor-divider\">\n\t\t\t<span class=\"elementor-divider-separator\">\n\t\t\t\t\t\t<\/span>\n\t\t<\/div>\n\t\t\t\t\t\t<\/div>\n\t\t\t\t<\/div>\n\t\t\t\t\t<\/div>\n\t\t\t\t<\/div>\n\t\t<div class=\"elementor-element elementor-element-7b9a7b3 e-grid e-con-boxed e-con e-parent\" data-id=\"7b9a7b3\" data-element_type=\"container\" data-e-type=\"container\">\n\t\t\t\t\t<div class=\"e-con-inner\">\n\t\t\t\t<div class=\"elementor-element elementor-element-71d4a68 elementor-pagination-position-inside elementor-arrows-position-inside elementor-widget elementor-widget-image-carousel\" data-id=\"71d4a68\" data-element_type=\"widget\" data-e-type=\"widget\" data-settings=\"{&quot;slides_to_show&quot;:&quot;2&quot;,&quot;image_spacing_custom&quot;:{&quot;unit&quot;:&quot;px&quot;,&quot;size&quot;:3,&quot;sizes&quot;:[]},&quot;navigation&quot;:&quot;both&quot;,&quot;autoplay&quot;:&quot;yes&quot;,&quot;pause_on_hover&quot;:&quot;yes&quot;,&quot;pause_on_interaction&quot;:&quot;yes&quot;,&quot;autoplay_speed&quot;:5000,&quot;infinite&quot;:&quot;yes&quot;,&quot;speed&quot;:500,&quot;image_spacing_custom_tablet&quot;:{&quot;unit&quot;:&quot;px&quot;,&quot;size&quot;:&quot;&quot;,&quot;sizes&quot;:[]},&quot;image_spacing_custom_mobile&quot;:{&quot;unit&quot;:&quot;px&quot;,&quot;size&quot;:&quot;&quot;,&quot;sizes&quot;:[]}}\" data-widget_type=\"image-carousel.default\">\n\t\t\t\t<div class=\"elementor-widget-container\">\n\t\t\t\t\t\t\t<div class=\"elementor-image-carousel-wrapper swiper\" role=\"region\" aria-roledescription=\"carousel\" aria-label=\"Carrousel d\u2019images\" dir=\"ltr\">\n\t\t\t<div class=\"elementor-image-carousel swiper-wrapper\" aria-live=\"off\">\n\t\t\t\t\t\t\t\t<div class=\"swiper-slide\" role=\"group\" aria-roledescription=\"slide\" aria-label=\"1 sur 3\" data-no-translation-aria-label=\"\"><figure class=\"swiper-slide-inner\"><img decoding=\"async\" class=\"swiper-slide-image\" src=\"https:\/\/armor-arsenal.com\/wp-content\/uploads\/2025\/01\/1244574-768x576.jpg\" alt=\"OLYMPUS DIGITAL CAMERA\" \/><\/figure><\/div><div class=\"swiper-slide\" role=\"group\" aria-roledescription=\"slide\" aria-label=\"2 sur 3\" data-no-translation-aria-label=\"\"><figure class=\"swiper-slide-inner\"><img decoding=\"async\" class=\"swiper-slide-image\" src=\"https:\/\/armor-arsenal.com\/wp-content\/uploads\/2025\/01\/1244573-768x576.jpg\" alt=\"OLYMPUS DIGITAL CAMERA\" \/><\/figure><\/div><div class=\"swiper-slide\" role=\"group\" aria-roledescription=\"slide\" aria-label=\"3 sur 3\" data-no-translation-aria-label=\"\"><figure class=\"swiper-slide-inner\"><img decoding=\"async\" class=\"swiper-slide-image\" src=\"https:\/\/armor-arsenal.com\/wp-content\/uploads\/2025\/01\/1244579-768x576.jpg\" alt=\"OLYMPUS DIGITAL CAMERA\" \/><\/figure><\/div>\t\t\t<\/div>\n\t\t\t\t\t\t\t\t\t\t\t\t<div class=\"elementor-swiper-button elementor-swiper-button-prev\" role=\"button\" tabindex=\"0\">\n\t\t\t\t\t\t<svg aria-hidden=\"true\" class=\"e-font-icon-svg e-eicon-chevron-left\" viewbox=\"0 0 1000 1000\" xmlns=\"http:\/\/www.w3.org\/2000\/svg\"><path d=\"M646 125C629 125 613 133 604 142L308 442C296 454 292 471 292 487 292 504 296 521 308 533L604 854C617 867 629 875 646 875 663 875 679 871 692 858 704 846 713 829 713 812 713 796 708 779 692 767L438 487 692 225C700 217 708 204 708 187 708 171 704 154 692 142 675 129 663 125 646 125Z\"><\/path><\/svg>\t\t\t\t\t<\/div>\n\t\t\t\t\t<div class=\"elementor-swiper-button elementor-swiper-button-next\" role=\"button\" tabindex=\"0\">\n\t\t\t\t\t\t<svg aria-hidden=\"true\" class=\"e-font-icon-svg e-eicon-chevron-right\" viewbox=\"0 0 1000 1000\" xmlns=\"http:\/\/www.w3.org\/2000\/svg\"><path d=\"M696 533C708 521 713 504 713 487 713 471 708 454 696 446L400 146C388 133 375 125 354 125 338 125 325 129 313 142 300 154 292 171 292 187 292 204 296 221 308 233L563 492 304 771C292 783 288 800 288 817 288 833 296 850 308 863 321 871 338 875 354 875 371 875 388 867 400 854L696 533Z\"><\/path><\/svg>\t\t\t\t\t<\/div>\n\t\t\t\t\n\t\t\t\t\t\t\t\t\t<div class=\"swiper-pagination\"><\/div>\n\t\t\t\t\t\t\t\t\t<\/div>\n\t\t\t\t\t\t<\/div>\n\t\t\t\t<\/div>\n\t\t\t\t<div class=\"elementor-element elementor-element-bb5f001 elementor-widget elementor-widget-text-editor\" data-id=\"bb5f001\" data-element_type=\"widget\" data-e-type=\"widget\" data-widget_type=\"text-editor.default\">\n\t\t\t\t<div class=\"elementor-widget-container\">\n\t\t\t\t\t\t\t\t\t<p><span lang=\"EN-US\">Armor Arsenal d\u00e9veloppe des interfaces sol-bord de remplissage-vidange. <\/span><\/p><p><span lang=\"EN-US\">Ils sont \u00e0 destination des syst\u00e8mes propulsifs embarqu\u00e9s \u00e0 bord de satellites ou d\u2019\u00e9tages sup\u00e9rieurs de lanceurs spatiaux. <\/span><\/p><p><span lang=\"EN-US\">Ils utilisent des ergols stockables.<\/span><\/p>\t\t\t\t\t\t\t\t<\/div>\n\t\t\t\t<\/div>\n\t\t\t\t\t<\/div>\n\t\t\t\t<\/div>\n\t\t<div class=\"elementor-element elementor-element-6e7b71a e-flex e-con-boxed e-con e-parent\" data-id=\"6e7b71a\" data-element_type=\"container\" data-e-type=\"container\">\n\t\t\t\t\t<div class=\"e-con-inner\">\n\t\t\t\t<div class=\"elementor-element elementor-element-84d98ff elementor-widget-divider--view-line elementor-widget elementor-widget-divider\" data-id=\"84d98ff\" data-element_type=\"widget\" data-e-type=\"widget\" data-widget_type=\"divider.default\">\n\t\t\t\t<div class=\"elementor-widget-container\">\n\t\t\t\t\t\t\t<div class=\"elementor-divider\">\n\t\t\t<span class=\"elementor-divider-separator\">\n\t\t\t\t\t\t<\/span>\n\t\t<\/div>\n\t\t\t\t\t\t<\/div>\n\t\t\t\t<\/div>\n\t\t\t\t<div class=\"elementor-element elementor-element-4cde7e6 elementor-widget elementor-widget-heading\" data-id=\"4cde7e6\" data-element_type=\"widget\" data-e-type=\"widget\" data-widget_type=\"heading.default\">\n\t\t\t\t<div class=\"elementor-widget-container\">\n\t\t\t\t\t<h4 class=\"elementor-heading-title elementor-size-default\">Applications :<\/h4>\t\t\t\t<\/div>\n\t\t\t\t<\/div>\n\t\t\t\t\t<\/div>\n\t\t\t\t<\/div>\n\t\t<div class=\"elementor-element elementor-element-7c2d43b e-flex e-con-boxed e-con e-parent\" data-id=\"7c2d43b\" data-element_type=\"container\" data-e-type=\"container\">\n\t\t\t\t\t<div class=\"e-con-inner\">\n\t\t\t\t<div class=\"elementor-element elementor-element-50025df elementor-widget elementor-widget-text-editor\" data-id=\"50025df\" data-element_type=\"widget\" data-e-type=\"widget\" data-widget_type=\"text-editor.default\">\n\t\t\t\t<div class=\"elementor-widget-container\">\n\t\t\t\t\t\t\t\t\t<ul>\n<li>Op\u00e9ration de remplissage vidange d'ergol ;<\/li>\n<li>Pressurisation , d\u00e9pressurisation de gaz \u00e0 haute pression (gaz de pressurisation, gaz nobles) ;<\/li>\n<li>Ou toute autre application similaire.<\/li>\n<\/ul>\t\t\t\t\t\t\t\t<\/div>\n\t\t\t\t<\/div>\n\t\t\t\t\t<\/div>\n\t\t\t\t<\/div>\n\t\t\t\t<\/div>","protected":false},"excerpt":{"rendered":"<p>Feed-and-Drain Valves Armor Arsenal develops feed-and-drain valves, designed to support both satellite systems and small launch vehicle upper stages using storable propellants. This solution aims to improve fluid management in propulsion systems, offering a cost-conservative approach to space technology. Our goal is to contribute to the growing demand for environmentally friendly alternatives in space exploration [&hellip;]<\/p>\n","protected":false},"author":3,"featured_media":0,"parent":356,"menu_order":5,"comment_status":"closed","ping_status":"closed","template":"","meta":{"footnotes":""},"class_list":["post-369","page","type-page","status-publish","hentry"],"blocksy_meta":{"styles_descriptor":{"styles":{"desktop":"","tablet":"","mobile":""},"google_fonts":[],"version":6}},"yoast_head":"<!-- This site is optimized with the Yoast SEO plugin v26.8 - https:\/\/yoast.com\/product\/yoast-seo-wordpress\/ -->\n<title>Feed-and-Drain Valves - Armor Arsenal<\/title>\n<meta name=\"description\" content=\"Designed to support both satellite systems and small launch ehicule, our Feed-and-Drain Valves aims to improve fluid management in propulsion systems, offering a various ...\" \/>\n<meta name=\"robots\" content=\"index, follow, max-snippet:-1, max-image-preview:large, max-video-preview:-1\" \/>\n<link rel=\"canonical\" href=\"https:\/\/armor-arsenal.com\/fr\/products\/feed-and-drain-valves\/\" \/>\n<meta property=\"og:locale\" content=\"fr_FR\" \/>\n<meta property=\"og:type\" content=\"article\" \/>\n<meta property=\"og:title\" content=\"Feed-and-Drain Valves - Armor Arsenal\" \/>\n<meta property=\"og:description\" content=\"Designed to support both satellite systems and small launch ehicule, our Feed-and-Drain Valves aims to improve fluid management in propulsion systems, offering a various ...\" \/>\n<meta property=\"og:url\" content=\"https:\/\/armor-arsenal.com\/fr\/products\/feed-and-drain-valves\/\" \/>\n<meta property=\"og:site_name\" content=\"Armor Arsenal\" \/>\n<meta property=\"article:modified_time\" content=\"2025-02-03T14:40:59+00:00\" \/>\n<meta property=\"og:image\" content=\"https:\/\/armor-arsenal.com\/wp-content\/uploads\/2025\/01\/1244574-768x576.jpg\" \/>\n<meta name=\"twitter:card\" content=\"summary_large_image\" \/>\n<meta name=\"twitter:label1\" content=\"Dur\u00e9e de lecture estim\u00e9e\" \/>\n\t<meta name=\"twitter:data1\" content=\"2 minutes\" \/>\n<script type=\"application\/ld+json\" class=\"yoast-schema-graph\">{\"@context\":\"https:\/\/schema.org\",\"@graph\":[{\"@type\":\"WebPage\",\"@id\":\"https:\/\/armor-arsenal.com\/products\/feed-and-drain-valves\/\",\"url\":\"https:\/\/armor-arsenal.com\/products\/feed-and-drain-valves\/\",\"name\":\"Feed-and-Drain Valves - Armor Arsenal\",\"isPartOf\":{\"@id\":\"https:\/\/armor-arsenal.com\/#website\"},\"primaryImageOfPage\":{\"@id\":\"https:\/\/armor-arsenal.com\/products\/feed-and-drain-valves\/#primaryimage\"},\"image\":{\"@id\":\"https:\/\/armor-arsenal.com\/products\/feed-and-drain-valves\/#primaryimage\"},\"thumbnailUrl\":\"https:\/\/armor-arsenal.com\/wp-content\/uploads\/2025\/01\/1244574-768x576.jpg\",\"datePublished\":\"2025-01-24T15:44:23+00:00\",\"dateModified\":\"2025-02-03T14:40:59+00:00\",\"description\":\"Designed to support both satellite systems and small launch ehicule, our Feed-and-Drain Valves aims to improve fluid management in propulsion systems, offering a various ...\",\"breadcrumb\":{\"@id\":\"https:\/\/armor-arsenal.com\/products\/feed-and-drain-valves\/#breadcrumb\"},\"inLanguage\":\"fr-FR\",\"potentialAction\":[{\"@type\":\"ReadAction\",\"target\":[\"https:\/\/armor-arsenal.com\/products\/feed-and-drain-valves\/\"]}]},{\"@type\":\"ImageObject\",\"inLanguage\":\"fr-FR\",\"@id\":\"https:\/\/armor-arsenal.com\/products\/feed-and-drain-valves\/#primaryimage\",\"url\":\"https:\/\/armor-arsenal.com\/wp-content\/uploads\/2025\/01\/1244574-768x576.jpg\",\"contentUrl\":\"https:\/\/armor-arsenal.com\/wp-content\/uploads\/2025\/01\/1244574-768x576.jpg\"},{\"@type\":\"BreadcrumbList\",\"@id\":\"https:\/\/armor-arsenal.com\/products\/feed-and-drain-valves\/#breadcrumb\",\"itemListElement\":[{\"@type\":\"ListItem\",\"position\":1,\"name\":\"Accueil\",\"item\":\"https:\/\/armor-arsenal.com\/\"},{\"@type\":\"ListItem\",\"position\":2,\"name\":\"Our Products\",\"item\":\"https:\/\/armor-arsenal.com\/products\/\"},{\"@type\":\"ListItem\",\"position\":3,\"name\":\"Feed-and-Drain Valves\"}]},{\"@type\":\"WebSite\",\"@id\":\"https:\/\/armor-arsenal.com\/#website\",\"url\":\"https:\/\/armor-arsenal.com\/\",\"name\":\"Armor Arsenal\",\"description\":\"New Space Systems\",\"publisher\":{\"@id\":\"https:\/\/armor-arsenal.com\/#organization\"},\"potentialAction\":[{\"@type\":\"SearchAction\",\"target\":{\"@type\":\"EntryPoint\",\"urlTemplate\":\"https:\/\/armor-arsenal.com\/?s={search_term_string}\"},\"query-input\":{\"@type\":\"PropertyValueSpecification\",\"valueRequired\":true,\"valueName\":\"search_term_string\"}}],\"inLanguage\":\"fr-FR\"},{\"@type\":\"Organization\",\"@id\":\"https:\/\/armor-arsenal.com\/#organization\",\"name\":\"Armor Arsenal\",\"url\":\"https:\/\/armor-arsenal.com\/\",\"logo\":{\"@type\":\"ImageObject\",\"inLanguage\":\"fr-FR\",\"@id\":\"https:\/\/armor-arsenal.com\/#\/schema\/logo\/image\/\",\"url\":\"\",\"contentUrl\":\"\",\"caption\":\"Armor Arsenal\"},\"image\":{\"@id\":\"https:\/\/armor-arsenal.com\/#\/schema\/logo\/image\/\"},\"sameAs\":[\"https:\/\/www.linkedin.com\/company\/armor-arsenal\/\"]}]}<\/script>\n<!-- \/ Yoast SEO plugin. -->","yoast_head_json":{"title":"Feed-and-Drain Valves - Armor Arsenal","description":"Designed to support both satellite systems and small launch ehicule, our Feed-and-Drain Valves aims to improve fluid management in propulsion systems, offering a various ...","robots":{"index":"index","follow":"follow","max-snippet":"max-snippet:-1","max-image-preview":"max-image-preview:large","max-video-preview":"max-video-preview:-1"},"canonical":"https:\/\/armor-arsenal.com\/fr\/products\/feed-and-drain-valves\/","og_locale":"fr_FR","og_type":"article","og_title":"Feed-and-Drain Valves - Armor Arsenal","og_description":"Designed to support both satellite systems and small launch ehicule, our Feed-and-Drain Valves aims to improve fluid management in propulsion systems, offering a various ...","og_url":"https:\/\/armor-arsenal.com\/fr\/products\/feed-and-drain-valves\/","og_site_name":"Armor Arsenal","article_modified_time":"2025-02-03T14:40:59+00:00","og_image":[{"url":"https:\/\/armor-arsenal.com\/wp-content\/uploads\/2025\/01\/1244574-768x576.jpg","type":"","width":"","height":""}],"twitter_card":"summary_large_image","twitter_misc":{"Dur\u00e9e de lecture estim\u00e9e":"2 minutes"},"schema":{"@context":"https:\/\/schema.org","@graph":[{"@type":"WebPage","@id":"https:\/\/armor-arsenal.com\/products\/feed-and-drain-valves\/","url":"https:\/\/armor-arsenal.com\/products\/feed-and-drain-valves\/","name":"Feed-and-Drain Valves - Armor Arsenal","isPartOf":{"@id":"https:\/\/armor-arsenal.com\/#website"},"primaryImageOfPage":{"@id":"https:\/\/armor-arsenal.com\/products\/feed-and-drain-valves\/#primaryimage"},"image":{"@id":"https:\/\/armor-arsenal.com\/products\/feed-and-drain-valves\/#primaryimage"},"thumbnailUrl":"https:\/\/armor-arsenal.com\/wp-content\/uploads\/2025\/01\/1244574-768x576.jpg","datePublished":"2025-01-24T15:44:23+00:00","dateModified":"2025-02-03T14:40:59+00:00","description":"Designed to support both satellite systems and small launch ehicule, our Feed-and-Drain Valves aims to improve fluid management in propulsion systems, offering a various ...","breadcrumb":{"@id":"https:\/\/armor-arsenal.com\/products\/feed-and-drain-valves\/#breadcrumb"},"inLanguage":"fr-FR","potentialAction":[{"@type":"ReadAction","target":["https:\/\/armor-arsenal.com\/products\/feed-and-drain-valves\/"]}]},{"@type":"ImageObject","inLanguage":"fr-FR","@id":"https:\/\/armor-arsenal.com\/products\/feed-and-drain-valves\/#primaryimage","url":"https:\/\/armor-arsenal.com\/wp-content\/uploads\/2025\/01\/1244574-768x576.jpg","contentUrl":"https:\/\/armor-arsenal.com\/wp-content\/uploads\/2025\/01\/1244574-768x576.jpg"},{"@type":"BreadcrumbList","@id":"https:\/\/armor-arsenal.com\/products\/feed-and-drain-valves\/#breadcrumb","itemListElement":[{"@type":"ListItem","position":1,"name":"Accueil","item":"https:\/\/armor-arsenal.com\/"},{"@type":"ListItem","position":2,"name":"Our Products","item":"https:\/\/armor-arsenal.com\/products\/"},{"@type":"ListItem","position":3,"name":"Feed-and-Drain Valves"}]},{"@type":"WebSite","@id":"https:\/\/armor-arsenal.com\/#website","url":"https:\/\/armor-arsenal.com\/","name":"Armor Arsenal","description":"New Space Systems","publisher":{"@id":"https:\/\/armor-arsenal.com\/#organization"},"potentialAction":[{"@type":"SearchAction","target":{"@type":"EntryPoint","urlTemplate":"https:\/\/armor-arsenal.com\/?s={search_term_string}"},"query-input":{"@type":"PropertyValueSpecification","valueRequired":true,"valueName":"search_term_string"}}],"inLanguage":"fr-FR"},{"@type":"Organization","@id":"https:\/\/armor-arsenal.com\/#organization","name":"Armor Arsenal","url":"https:\/\/armor-arsenal.com\/","logo":{"@type":"ImageObject","inLanguage":"fr-FR","@id":"https:\/\/armor-arsenal.com\/#\/schema\/logo\/image\/","url":"","contentUrl":"","caption":"Armor Arsenal"},"image":{"@id":"https:\/\/armor-arsenal.com\/#\/schema\/logo\/image\/"},"sameAs":["https:\/\/www.linkedin.com\/company\/armor-arsenal\/"]}]}},"_links":{"self":[{"href":"https:\/\/armor-arsenal.com\/fr\/wp-json\/wp\/v2\/pages\/369","targetHints":{"allow":["GET"]}}],"collection":[{"href":"https:\/\/armor-arsenal.com\/fr\/wp-json\/wp\/v2\/pages"}],"about":[{"href":"https:\/\/armor-arsenal.com\/fr\/wp-json\/wp\/v2\/types\/page"}],"author":[{"embeddable":true,"href":"https:\/\/armor-arsenal.com\/fr\/wp-json\/wp\/v2\/users\/3"}],"replies":[{"embeddable":true,"href":"https:\/\/armor-arsenal.com\/fr\/wp-json\/wp\/v2\/comments?post=369"}],"version-history":[{"count":47,"href":"https:\/\/armor-arsenal.com\/fr\/wp-json\/wp\/v2\/pages\/369\/revisions"}],"predecessor-version":[{"id":1076,"href":"https:\/\/armor-arsenal.com\/fr\/wp-json\/wp\/v2\/pages\/369\/revisions\/1076"}],"up":[{"embeddable":true,"href":"https:\/\/armor-arsenal.com\/fr\/wp-json\/wp\/v2\/pages\/356"}],"wp:attachment":[{"href":"https:\/\/armor-arsenal.com\/fr\/wp-json\/wp\/v2\/media?parent=369"}],"curies":[{"name":"wp","href":"https:\/\/api.w.org\/{rel}","templated":true}]}}