{"id":367,"date":"2025-01-23T16:59:49","date_gmt":"2025-01-23T15:59:49","guid":{"rendered":"https:\/\/armor-arsenal.com\/?page_id=367"},"modified":"2025-01-31T10:10:33","modified_gmt":"2025-01-31T09:10:33","slug":"latching-valves","status":"publish","type":"page","link":"https:\/\/armor-arsenal.com\/fr\/products\/latching-valves\/","title":{"rendered":"Isolation Latching Valve"},"content":{"rendered":"<div data-elementor-type=\"wp-page\" data-elementor-id=\"367\" class=\"elementor elementor-367\">\n\t\t\t\t<div class=\"elementor-element elementor-element-4fa0cfa e-flex e-con-boxed e-con e-parent\" data-id=\"4fa0cfa\" data-element_type=\"container\" data-e-type=\"container\">\n\t\t\t\t\t<div class=\"e-con-inner\">\n\t\t\t\t<div class=\"elementor-element elementor-element-46bfffa elementor-widget elementor-widget-heading\" data-id=\"46bfffa\" data-element_type=\"widget\" data-e-type=\"widget\" data-widget_type=\"heading.default\">\n\t\t\t\t<div class=\"elementor-widget-container\">\n\t\t\t\t\t<h2 class=\"elementor-heading-title elementor-size-default\">Isolation Latching Valves\n<\/h2>\t\t\t\t<\/div>\n\t\t\t\t<\/div>\n\t\t\t\t<div class=\"elementor-element elementor-element-52c06bf elementor-widget-divider--view-line elementor-widget elementor-widget-divider\" data-id=\"52c06bf\" data-element_type=\"widget\" data-e-type=\"widget\" data-widget_type=\"divider.default\">\n\t\t\t\t<div class=\"elementor-widget-container\">\n\t\t\t\t\t\t\t<div class=\"elementor-divider\">\n\t\t\t<span class=\"elementor-divider-separator\">\n\t\t\t\t\t\t<\/span>\n\t\t<\/div>\n\t\t\t\t\t\t<\/div>\n\t\t\t\t<\/div>\n\t\t\t\t\t<\/div>\n\t\t\t\t<\/div>\n\t\t<div class=\"elementor-element elementor-element-4b55249 e-grid e-con-boxed e-con e-parent\" data-id=\"4b55249\" data-element_type=\"container\" data-e-type=\"container\">\n\t\t\t\t\t<div class=\"e-con-inner\">\n\t\t\t\t<div class=\"elementor-element elementor-element-e62efe4 elementor-arrows-position-inside elementor-pagination-position-outside elementor-widget elementor-widget-image-carousel\" data-id=\"e62efe4\" data-element_type=\"widget\" data-e-type=\"widget\" data-settings=\"{&quot;slides_to_show&quot;:&quot;1&quot;,&quot;navigation&quot;:&quot;both&quot;,&quot;autoplay&quot;:&quot;yes&quot;,&quot;pause_on_hover&quot;:&quot;yes&quot;,&quot;pause_on_interaction&quot;:&quot;yes&quot;,&quot;autoplay_speed&quot;:5000,&quot;infinite&quot;:&quot;yes&quot;,&quot;effect&quot;:&quot;slide&quot;,&quot;speed&quot;:500}\" data-widget_type=\"image-carousel.default\">\n\t\t\t\t<div class=\"elementor-widget-container\">\n\t\t\t\t\t\t\t<div class=\"elementor-image-carousel-wrapper swiper\" role=\"region\" aria-roledescription=\"carousel\" aria-label=\"Carrousel d\u2019images\" dir=\"ltr\">\n\t\t\t<div class=\"elementor-image-carousel swiper-wrapper\" aria-live=\"off\">\n\t\t\t\t\t\t\t\t<div class=\"swiper-slide\" role=\"group\" aria-roledescription=\"slide\" aria-label=\"1 sur 1\" data-no-translation-aria-label=\"\"><figure class=\"swiper-slide-inner\"><img decoding=\"async\" class=\"swiper-slide-image\" src=\"https:\/\/armor-arsenal.com\/wp-content\/uploads\/elementor\/thumbs\/Capture-decran-2025-01-24-161349-r0hfw1ka3z5t8avatq2pqvkmfusbwaujqo6fr6p9vc.png\" alt=\"Capture d\u2019\u00e9cran 2025-01-24 161349\" \/><\/figure><\/div>\t\t\t<\/div>\n\t\t\t\t\t<\/div>\n\t\t\t\t\t\t<\/div>\n\t\t\t\t<\/div>\n\t\t\t\t<div class=\"elementor-element elementor-element-7315a60 elementor-widget elementor-widget-text-editor\" data-id=\"7315a60\" data-element_type=\"widget\" data-e-type=\"widget\" data-widget_type=\"text-editor.default\">\n\t\t\t\t<div class=\"elementor-widget-container\">\n\t\t\t\t\t\t\t\t\t<p><span lang=\"EN-US\">Armor Arsenal d\u00e9veloppe une Isolation Latching Valve pour les sous-syst\u00e8mes propulsifs. <\/span><\/p>\n<p><span lang=\"EN-US\">Notre \u00e9lectrovanne bistable est \u00e9conome en \u00e9nergie et ne contribue pas au r\u00e9chauffement de l\u2019ergol qui la traverse. <\/span><\/p>\n<p><span lang=\"EN-US\">Sa conception a \u00e9t\u00e9 optimis\u00e9e pour les applications H2O2 et la d\u00e9gradation progressive de l\u2019ergol \u00e0 son contact est tr\u00e8s faible.<\/span><\/p><p><span lang=\"EN-US\">Notre \u00e9lectrovanne existe aussi dans des versions compatibles d\u2019autres ergols et gaz.<\/span><\/p>\t\t\t\t\t\t\t\t<\/div>\n\t\t\t\t<\/div>\n\t\t\t\t\t<\/div>\n\t\t\t\t<\/div>\n\t\t<div class=\"elementor-element elementor-element-385e879 e-flex e-con-boxed e-con e-parent\" data-id=\"385e879\" data-element_type=\"container\" data-e-type=\"container\">\n\t\t\t\t\t<div class=\"e-con-inner\">\n\t\t\t\t<div class=\"elementor-element elementor-element-cce61df elementor-widget-divider--view-line elementor-widget elementor-widget-divider\" data-id=\"cce61df\" data-element_type=\"widget\" data-e-type=\"widget\" data-widget_type=\"divider.default\">\n\t\t\t\t<div class=\"elementor-widget-container\">\n\t\t\t\t\t\t\t<div class=\"elementor-divider\">\n\t\t\t<span class=\"elementor-divider-separator\">\n\t\t\t\t\t\t<\/span>\n\t\t<\/div>\n\t\t\t\t\t\t<\/div>\n\t\t\t\t<\/div>\n\t\t\t\t\t<\/div>\n\t\t\t\t<\/div>\n\t\t<div class=\"elementor-element elementor-element-baab316 e-flex e-con-boxed e-con e-parent\" data-id=\"baab316\" data-element_type=\"container\" data-e-type=\"container\">\n\t\t\t\t\t<div class=\"e-con-inner\">\n\t\t\t\t<div class=\"elementor-element elementor-element-f661972 elementor-widget elementor-widget-heading\" data-id=\"f661972\" data-element_type=\"widget\" data-e-type=\"widget\" data-widget_type=\"heading.default\">\n\t\t\t\t<div class=\"elementor-widget-container\">\n\t\t\t\t\t<h4 class=\"elementor-heading-title elementor-size-default\">Applications : <\/h4>\t\t\t\t<\/div>\n\t\t\t\t<\/div>\n\t\t\t\t\t<\/div>\n\t\t\t\t<\/div>\n\t\t<div class=\"elementor-element elementor-element-416d737 e-flex e-con-boxed e-con e-parent\" data-id=\"416d737\" data-element_type=\"container\" data-e-type=\"container\">\n\t\t\t\t\t<div class=\"e-con-inner\">\n\t\t\t\t<div class=\"elementor-element elementor-element-7c8cf8b elementor-widget elementor-widget-text-editor\" data-id=\"7c8cf8b\" data-element_type=\"widget\" data-e-type=\"widget\" data-widget_type=\"text-editor.default\">\n\t\t\t\t<div class=\"elementor-widget-container\">\n\t\t\t\t\t\t\t\t\t<ul><li>Barri\u00e8re ergol ;<\/li><li>Barri\u00e8re gaz de pressurisation ;<\/li><li>Ou toute autre application similaire.<\/li><\/ul>\t\t\t\t\t\t\t\t<\/div>\n\t\t\t\t<\/div>\n\t\t\t\t\t<\/div>\n\t\t\t\t<\/div>\n\t\t\t\t<\/div>","protected":false},"excerpt":{"rendered":"<p>Isolation Latching Valves Armor Arsenal develops miniature Isolation Latching Valves for propellant control applications. Our design is inherently power saving and does not contribute to propellant heating. The valve\u2019s design has been optimized for H2O2 and features a very low AOL. It is also compatible with other propellants and gases. Options such as Back Pressure [&hellip;]<\/p>\n","protected":false},"author":3,"featured_media":0,"parent":356,"menu_order":6,"comment_status":"closed","ping_status":"closed","template":"","meta":{"footnotes":""},"class_list":["post-367","page","type-page","status-publish","hentry"],"blocksy_meta":{"styles_descriptor":{"styles":{"desktop":"","tablet":"","mobile":""},"google_fonts":[],"version":6}},"yoast_head":"<!-- This site is optimized with the Yoast SEO plugin v26.8 - https:\/\/yoast.com\/product\/yoast-seo-wordpress\/ -->\n<title>Latching Valves - Armor Arsenal<\/title>\n<meta name=\"description\" content=\"Our miniature Latching Valves for propellant control applications are optimized for H2O2 and features a very low AOL.\" \/>\n<meta name=\"robots\" content=\"index, follow, max-snippet:-1, max-image-preview:large, max-video-preview:-1\" \/>\n<link rel=\"canonical\" href=\"https:\/\/armor-arsenal.com\/fr\/products\/latching-valves\/\" \/>\n<meta property=\"og:locale\" content=\"fr_FR\" \/>\n<meta property=\"og:type\" content=\"article\" \/>\n<meta property=\"og:title\" content=\"Latching Valves - Armor Arsenal\" \/>\n<meta property=\"og:description\" content=\"Our miniature Latching Valves for propellant control applications are optimized for H2O2 and features a very low AOL.\" \/>\n<meta property=\"og:url\" content=\"https:\/\/armor-arsenal.com\/fr\/products\/latching-valves\/\" \/>\n<meta property=\"og:site_name\" content=\"Armor Arsenal\" \/>\n<meta property=\"article:modified_time\" content=\"2025-01-31T09:10:33+00:00\" \/>\n<meta property=\"og:image\" content=\"https:\/\/armor-arsenal.com\/wp-content\/uploads\/elementor\/thumbs\/Capture-decran-2025-01-24-161349-r0hfw1ka3z5t8avatq2pqvkmfusbwaujqo6fr6p9vc.png\" \/>\n<meta name=\"twitter:card\" content=\"summary_large_image\" \/>\n<meta name=\"twitter:label1\" content=\"Dur\u00e9e de lecture estim\u00e9e\" \/>\n\t<meta name=\"twitter:data1\" content=\"1 minute\" \/>\n<script type=\"application\/ld+json\" class=\"yoast-schema-graph\">{\"@context\":\"https:\/\/schema.org\",\"@graph\":[{\"@type\":\"WebPage\",\"@id\":\"https:\/\/armor-arsenal.com\/products\/latching-valves\/\",\"url\":\"https:\/\/armor-arsenal.com\/products\/latching-valves\/\",\"name\":\"Latching Valves - Armor Arsenal\",\"isPartOf\":{\"@id\":\"https:\/\/armor-arsenal.com\/#website\"},\"primaryImageOfPage\":{\"@id\":\"https:\/\/armor-arsenal.com\/products\/latching-valves\/#primaryimage\"},\"image\":{\"@id\":\"https:\/\/armor-arsenal.com\/products\/latching-valves\/#primaryimage\"},\"thumbnailUrl\":\"https:\/\/armor-arsenal.com\/wp-content\/uploads\/elementor\/thumbs\/Capture-decran-2025-01-24-161349-r0hfw1ka3z5t8avatq2pqvkmfusbwaujqo6fr6p9vc.png\",\"datePublished\":\"2025-01-23T15:59:49+00:00\",\"dateModified\":\"2025-01-31T09:10:33+00:00\",\"description\":\"Our miniature Latching Valves for propellant control applications are optimized for H2O2 and features a very low AOL.\",\"breadcrumb\":{\"@id\":\"https:\/\/armor-arsenal.com\/products\/latching-valves\/#breadcrumb\"},\"inLanguage\":\"fr-FR\",\"potentialAction\":[{\"@type\":\"ReadAction\",\"target\":[\"https:\/\/armor-arsenal.com\/products\/latching-valves\/\"]}]},{\"@type\":\"ImageObject\",\"inLanguage\":\"fr-FR\",\"@id\":\"https:\/\/armor-arsenal.com\/products\/latching-valves\/#primaryimage\",\"url\":\"https:\/\/armor-arsenal.com\/wp-content\/uploads\/elementor\/thumbs\/Capture-decran-2025-01-24-161349-r0hfw1ka3z5t8avatq2pqvkmfusbwaujqo6fr6p9vc.png\",\"contentUrl\":\"https:\/\/armor-arsenal.com\/wp-content\/uploads\/elementor\/thumbs\/Capture-decran-2025-01-24-161349-r0hfw1ka3z5t8avatq2pqvkmfusbwaujqo6fr6p9vc.png\"},{\"@type\":\"BreadcrumbList\",\"@id\":\"https:\/\/armor-arsenal.com\/products\/latching-valves\/#breadcrumb\",\"itemListElement\":[{\"@type\":\"ListItem\",\"position\":1,\"name\":\"Accueil\",\"item\":\"https:\/\/armor-arsenal.com\/\"},{\"@type\":\"ListItem\",\"position\":2,\"name\":\"Our Products\",\"item\":\"https:\/\/armor-arsenal.com\/products\/\"},{\"@type\":\"ListItem\",\"position\":3,\"name\":\"Latching Valves\"}]},{\"@type\":\"WebSite\",\"@id\":\"https:\/\/armor-arsenal.com\/#website\",\"url\":\"https:\/\/armor-arsenal.com\/\",\"name\":\"Armor Arsenal\",\"description\":\"New Space Systems\",\"publisher\":{\"@id\":\"https:\/\/armor-arsenal.com\/#organization\"},\"potentialAction\":[{\"@type\":\"SearchAction\",\"target\":{\"@type\":\"EntryPoint\",\"urlTemplate\":\"https:\/\/armor-arsenal.com\/?s={search_term_string}\"},\"query-input\":{\"@type\":\"PropertyValueSpecification\",\"valueRequired\":true,\"valueName\":\"search_term_string\"}}],\"inLanguage\":\"fr-FR\"},{\"@type\":\"Organization\",\"@id\":\"https:\/\/armor-arsenal.com\/#organization\",\"name\":\"Armor Arsenal\",\"url\":\"https:\/\/armor-arsenal.com\/\",\"logo\":{\"@type\":\"ImageObject\",\"inLanguage\":\"fr-FR\",\"@id\":\"https:\/\/armor-arsenal.com\/#\/schema\/logo\/image\/\",\"url\":\"\",\"contentUrl\":\"\",\"caption\":\"Armor Arsenal\"},\"image\":{\"@id\":\"https:\/\/armor-arsenal.com\/#\/schema\/logo\/image\/\"},\"sameAs\":[\"https:\/\/www.linkedin.com\/company\/armor-arsenal\/\"]}]}<\/script>\n<!-- \/ Yoast SEO plugin. -->","yoast_head_json":{"title":"Latching Valves - Armor Arsenal","description":"Our miniature Latching Valves for propellant control applications are optimized for H2O2 and features a very low AOL.","robots":{"index":"index","follow":"follow","max-snippet":"max-snippet:-1","max-image-preview":"max-image-preview:large","max-video-preview":"max-video-preview:-1"},"canonical":"https:\/\/armor-arsenal.com\/fr\/products\/latching-valves\/","og_locale":"fr_FR","og_type":"article","og_title":"Latching Valves - Armor Arsenal","og_description":"Our miniature Latching Valves for propellant control applications are optimized for H2O2 and features a very low AOL.","og_url":"https:\/\/armor-arsenal.com\/fr\/products\/latching-valves\/","og_site_name":"Armor Arsenal","article_modified_time":"2025-01-31T09:10:33+00:00","og_image":[{"url":"https:\/\/armor-arsenal.com\/wp-content\/uploads\/elementor\/thumbs\/Capture-decran-2025-01-24-161349-r0hfw1ka3z5t8avatq2pqvkmfusbwaujqo6fr6p9vc.png","type":"","width":"","height":""}],"twitter_card":"summary_large_image","twitter_misc":{"Dur\u00e9e de lecture estim\u00e9e":"1 minute"},"schema":{"@context":"https:\/\/schema.org","@graph":[{"@type":"WebPage","@id":"https:\/\/armor-arsenal.com\/products\/latching-valves\/","url":"https:\/\/armor-arsenal.com\/products\/latching-valves\/","name":"Latching Valves - Armor Arsenal","isPartOf":{"@id":"https:\/\/armor-arsenal.com\/#website"},"primaryImageOfPage":{"@id":"https:\/\/armor-arsenal.com\/products\/latching-valves\/#primaryimage"},"image":{"@id":"https:\/\/armor-arsenal.com\/products\/latching-valves\/#primaryimage"},"thumbnailUrl":"https:\/\/armor-arsenal.com\/wp-content\/uploads\/elementor\/thumbs\/Capture-decran-2025-01-24-161349-r0hfw1ka3z5t8avatq2pqvkmfusbwaujqo6fr6p9vc.png","datePublished":"2025-01-23T15:59:49+00:00","dateModified":"2025-01-31T09:10:33+00:00","description":"Our miniature Latching Valves for propellant control applications are optimized for H2O2 and features a very low AOL.","breadcrumb":{"@id":"https:\/\/armor-arsenal.com\/products\/latching-valves\/#breadcrumb"},"inLanguage":"fr-FR","potentialAction":[{"@type":"ReadAction","target":["https:\/\/armor-arsenal.com\/products\/latching-valves\/"]}]},{"@type":"ImageObject","inLanguage":"fr-FR","@id":"https:\/\/armor-arsenal.com\/products\/latching-valves\/#primaryimage","url":"https:\/\/armor-arsenal.com\/wp-content\/uploads\/elementor\/thumbs\/Capture-decran-2025-01-24-161349-r0hfw1ka3z5t8avatq2pqvkmfusbwaujqo6fr6p9vc.png","contentUrl":"https:\/\/armor-arsenal.com\/wp-content\/uploads\/elementor\/thumbs\/Capture-decran-2025-01-24-161349-r0hfw1ka3z5t8avatq2pqvkmfusbwaujqo6fr6p9vc.png"},{"@type":"BreadcrumbList","@id":"https:\/\/armor-arsenal.com\/products\/latching-valves\/#breadcrumb","itemListElement":[{"@type":"ListItem","position":1,"name":"Accueil","item":"https:\/\/armor-arsenal.com\/"},{"@type":"ListItem","position":2,"name":"Our Products","item":"https:\/\/armor-arsenal.com\/products\/"},{"@type":"ListItem","position":3,"name":"Latching Valves"}]},{"@type":"WebSite","@id":"https:\/\/armor-arsenal.com\/#website","url":"https:\/\/armor-arsenal.com\/","name":"Armor Arsenal","description":"New Space Systems","publisher":{"@id":"https:\/\/armor-arsenal.com\/#organization"},"potentialAction":[{"@type":"SearchAction","target":{"@type":"EntryPoint","urlTemplate":"https:\/\/armor-arsenal.com\/?s={search_term_string}"},"query-input":{"@type":"PropertyValueSpecification","valueRequired":true,"valueName":"search_term_string"}}],"inLanguage":"fr-FR"},{"@type":"Organization","@id":"https:\/\/armor-arsenal.com\/#organization","name":"Armor Arsenal","url":"https:\/\/armor-arsenal.com\/","logo":{"@type":"ImageObject","inLanguage":"fr-FR","@id":"https:\/\/armor-arsenal.com\/#\/schema\/logo\/image\/","url":"","contentUrl":"","caption":"Armor Arsenal"},"image":{"@id":"https:\/\/armor-arsenal.com\/#\/schema\/logo\/image\/"},"sameAs":["https:\/\/www.linkedin.com\/company\/armor-arsenal\/"]}]}},"_links":{"self":[{"href":"https:\/\/armor-arsenal.com\/fr\/wp-json\/wp\/v2\/pages\/367","targetHints":{"allow":["GET"]}}],"collection":[{"href":"https:\/\/armor-arsenal.com\/fr\/wp-json\/wp\/v2\/pages"}],"about":[{"href":"https:\/\/armor-arsenal.com\/fr\/wp-json\/wp\/v2\/types\/page"}],"author":[{"embeddable":true,"href":"https:\/\/armor-arsenal.com\/fr\/wp-json\/wp\/v2\/users\/3"}],"replies":[{"embeddable":true,"href":"https:\/\/armor-arsenal.com\/fr\/wp-json\/wp\/v2\/comments?post=367"}],"version-history":[{"count":48,"href":"https:\/\/armor-arsenal.com\/fr\/wp-json\/wp\/v2\/pages\/367\/revisions"}],"predecessor-version":[{"id":936,"href":"https:\/\/armor-arsenal.com\/fr\/wp-json\/wp\/v2\/pages\/367\/revisions\/936"}],"up":[{"embeddable":true,"href":"https:\/\/armor-arsenal.com\/fr\/wp-json\/wp\/v2\/pages\/356"}],"wp:attachment":[{"href":"https:\/\/armor-arsenal.com\/fr\/wp-json\/wp\/v2\/media?parent=367"}],"curies":[{"name":"wp","href":"https:\/\/api.w.org\/{rel}","templated":true}]}}