{"id":363,"date":"2025-01-24T16:44:28","date_gmt":"2025-01-24T15:44:28","guid":{"rendered":"https:\/\/armor-arsenal.com\/?page_id=363"},"modified":"2025-01-31T10:12:13","modified_gmt":"2025-01-31T09:12:13","slug":"composite-overwrapped-pressure-vessels","status":"publish","type":"page","link":"https:\/\/armor-arsenal.com\/fr\/products\/composite-overwrapped-pressure-vessels\/","title":{"rendered":"Composite Overwrapped Pressure Vessels"},"content":{"rendered":"<div data-elementor-type=\"wp-page\" data-elementor-id=\"363\" class=\"elementor elementor-363\">\n\t\t\t\t<div class=\"elementor-element elementor-element-3fcefba e-flex e-con-boxed e-con e-parent\" data-id=\"3fcefba\" data-element_type=\"container\" data-e-type=\"container\">\n\t\t\t\t\t<div class=\"e-con-inner\">\n\t\t\t\t<div class=\"elementor-element elementor-element-ce54cee elementor-widget elementor-widget-heading\" data-id=\"ce54cee\" data-element_type=\"widget\" data-e-type=\"widget\" data-widget_type=\"heading.default\">\n\t\t\t\t<div class=\"elementor-widget-container\">\n\t\t\t\t\t<h2 class=\"elementor-heading-title elementor-size-default\">Composite Overwrapped Pressure Vessels<\/h2>\t\t\t\t<\/div>\n\t\t\t\t<\/div>\n\t\t\t\t<div class=\"elementor-element elementor-element-553c156 elementor-widget-divider--view-line elementor-widget elementor-widget-divider\" data-id=\"553c156\" data-element_type=\"widget\" data-e-type=\"widget\" data-widget_type=\"divider.default\">\n\t\t\t\t<div class=\"elementor-widget-container\">\n\t\t\t\t\t\t\t<div class=\"elementor-divider\">\n\t\t\t<span class=\"elementor-divider-separator\">\n\t\t\t\t\t\t<\/span>\n\t\t<\/div>\n\t\t\t\t\t\t<\/div>\n\t\t\t\t<\/div>\n\t\t\t\t\t<\/div>\n\t\t\t\t<\/div>\n\t\t<div class=\"elementor-element elementor-element-e3486aa e-grid e-con-boxed e-con e-parent\" data-id=\"e3486aa\" data-element_type=\"container\" data-e-type=\"container\">\n\t\t\t\t\t<div class=\"e-con-inner\">\n\t\t\t\t<div class=\"elementor-element elementor-element-413a5a8 elementor-arrows-position-inside elementor-pagination-position-outside elementor-widget elementor-widget-image-carousel\" data-id=\"413a5a8\" data-element_type=\"widget\" data-e-type=\"widget\" data-settings=\"{&quot;slides_to_show&quot;:&quot;1&quot;,&quot;navigation&quot;:&quot;both&quot;,&quot;autoplay&quot;:&quot;yes&quot;,&quot;pause_on_hover&quot;:&quot;yes&quot;,&quot;pause_on_interaction&quot;:&quot;yes&quot;,&quot;autoplay_speed&quot;:5000,&quot;infinite&quot;:&quot;yes&quot;,&quot;effect&quot;:&quot;slide&quot;,&quot;speed&quot;:500}\" data-widget_type=\"image-carousel.default\">\n\t\t\t\t<div class=\"elementor-widget-container\">\n\t\t\t\t\t\t\t<div class=\"elementor-image-carousel-wrapper swiper\" role=\"region\" aria-roledescription=\"carousel\" aria-label=\"Carrousel d\u2019images\" dir=\"ltr\">\n\t\t\t<div class=\"elementor-image-carousel swiper-wrapper\" aria-live=\"off\">\n\t\t\t\t\t\t\t\t<div class=\"swiper-slide\" role=\"group\" aria-roledescription=\"slide\" aria-label=\"1 sur 2\" data-no-translation-aria-label=\"\"><figure class=\"swiper-slide-inner\"><img decoding=\"async\" class=\"swiper-slide-image\" src=\"https:\/\/armor-arsenal.com\/wp-content\/uploads\/elementor\/thumbs\/COPV-modif-r0fqwpm7jwjo6jn6bfo1zhc5wqv7y9w474bb0sakrk.png\" alt=\"COPV modif\" \/><\/figure><\/div><div class=\"swiper-slide\" role=\"group\" aria-roledescription=\"slide\" aria-label=\"2 sur 2\" data-no-translation-aria-label=\"\"><figure class=\"swiper-slide-inner\"><img decoding=\"async\" class=\"swiper-slide-image\" src=\"https:\/\/armor-arsenal.com\/wp-content\/uploads\/elementor\/thumbs\/1014534-scaled-r0gxxbntamha2o74ibxjg70at3yci8rxg1exva5fhc.jpg\" alt=\"OLYMPUS DIGITAL CAMERA\" \/><\/figure><\/div>\t\t\t<\/div>\n\t\t\t\t\t\t\t\t\t\t\t\t<div class=\"elementor-swiper-button elementor-swiper-button-prev\" role=\"button\" tabindex=\"0\">\n\t\t\t\t\t\t<svg aria-hidden=\"true\" class=\"e-font-icon-svg e-eicon-chevron-left\" viewbox=\"0 0 1000 1000\" xmlns=\"http:\/\/www.w3.org\/2000\/svg\"><path d=\"M646 125C629 125 613 133 604 142L308 442C296 454 292 471 292 487 292 504 296 521 308 533L604 854C617 867 629 875 646 875 663 875 679 871 692 858 704 846 713 829 713 812 713 796 708 779 692 767L438 487 692 225C700 217 708 204 708 187 708 171 704 154 692 142 675 129 663 125 646 125Z\"><\/path><\/svg>\t\t\t\t\t<\/div>\n\t\t\t\t\t<div class=\"elementor-swiper-button elementor-swiper-button-next\" role=\"button\" tabindex=\"0\">\n\t\t\t\t\t\t<svg aria-hidden=\"true\" class=\"e-font-icon-svg e-eicon-chevron-right\" viewbox=\"0 0 1000 1000\" xmlns=\"http:\/\/www.w3.org\/2000\/svg\"><path d=\"M696 533C708 521 713 504 713 487 713 471 708 454 696 446L400 146C388 133 375 125 354 125 338 125 325 129 313 142 300 154 292 171 292 187 292 204 296 221 308 233L563 492 304 771C292 783 288 800 288 817 288 833 296 850 308 863 321 871 338 875 354 875 371 875 388 867 400 854L696 533Z\"><\/path><\/svg>\t\t\t\t\t<\/div>\n\t\t\t\t\n\t\t\t\t\t\t\t\t\t<div class=\"swiper-pagination\"><\/div>\n\t\t\t\t\t\t\t\t\t<\/div>\n\t\t\t\t\t\t<\/div>\n\t\t\t\t<\/div>\n\t\t\t\t<div class=\"elementor-element elementor-element-c5824bf elementor-widget elementor-widget-text-editor\" data-id=\"c5824bf\" data-element_type=\"widget\" data-e-type=\"widget\" data-widget_type=\"text-editor.default\">\n\t\t\t\t<div class=\"elementor-widget-container\">\n\t\t\t\t\t\t\t\t\t<p><span lang=\"EN-US\">Armor Arsenal d\u00e9veloppe une gamme de r\u00e9servoirs miniatures \u00e0 peau m\u00e9tallique et bobinage carbone\/\u00e9poxy. Du plus petit r\u00e9servoir d\u2019une taille de 30 mm de diam\u00e8tre jusqu\u2019\u00e0 des diam\u00e8tres de 280 mm, nos produits tol\u00e8rent des pressions pouvant aller jusqu\u2019\u00e0 plusieurs centaines de bar.<\/span><\/p><p>\u00a0<\/p><h4 class=\"elementor-heading-title elementor-size-default elementor-inline-editing pen\" contenteditable=\"true\" data-elementor-setting-key=\"title\" data-pen-placeholder=\"\u00c9crivez ici...\">Applications :<\/h4><p>\u00a0<\/p><ul><li><span lang=\"EN-US\">Stockage de gaz \u00e0 haute pression pour les lanceurs et les v\u00e9hicules spatiaux ;<\/span><\/li><li><span style=\"font-family: inherit; font-size: inherit; font-style: inherit; font-variant-ligatures: inherit; font-variant-caps: inherit; font-weight: inherit; text-align: var(--text-align); background-color: var(--theme-palette-color-8); color: var(--theme-text-color); letter-spacing: var(--theme-letter-spacing); text-transform: var(--theme-text-transform);\">Stockage de gaz \u00e0 haute pression pour cryor\u00e9frig\u00e9rateur Joule-Thomson ;<\/span><\/li><li><span style=\"font-family: inherit; font-size: inherit; font-style: inherit; font-variant-ligatures: inherit; font-variant-caps: inherit; font-weight: inherit; text-align: var(--text-align); background-color: var(--theme-palette-color-8); color: var(--theme-text-color); letter-spacing: var(--theme-letter-spacing); text-transform: var(--theme-text-transform);\">Ou tout autre applications similaire.<\/span><\/li><\/ul>\t\t\t\t\t\t\t\t<\/div>\n\t\t\t\t<\/div>\n\t\t\t\t\t<\/div>\n\t\t\t\t<\/div>\n\t\t\t\t<\/div>","protected":false},"excerpt":{"rendered":"<p>Composite Overwrapped Pressure Vessels Armor Arsenal develops miniature Composite Overwrapped Pressure Vessels. Ranging from a tiny 30-mm sphere up to a 280-mm spherical tank, our vessels operate at high pressure thanks to an innovative winding pattern. \u00a0 Typical applications :\u200b \u00a0 High pressure gas storage for launch vehicle, spacecraft ; Joule-Thomson cryocooler gas storage ; [&hellip;]<\/p>\n","protected":false},"author":3,"featured_media":0,"parent":356,"menu_order":7,"comment_status":"closed","ping_status":"closed","template":"","meta":{"footnotes":""},"class_list":["post-363","page","type-page","status-publish","hentry"],"blocksy_meta":{"styles_descriptor":{"styles":{"desktop":"","tablet":"","mobile":""},"google_fonts":[],"version":6}},"yoast_head":"<!-- This site is optimized with the Yoast SEO plugin v26.8 - https:\/\/yoast.com\/product\/yoast-seo-wordpress\/ -->\n<title>Composite Overwrapped Pressure Vessels - Armor Arsenal<\/title>\n<meta name=\"description\" content=\"We develop miniature Composite Overwrappped Pressure Vessels of different sizes. It can operate at high pressure tanks to an innovative winding pattern.\" \/>\n<meta name=\"robots\" content=\"index, follow, max-snippet:-1, max-image-preview:large, max-video-preview:-1\" \/>\n<link rel=\"canonical\" href=\"https:\/\/armor-arsenal.com\/fr\/products\/composite-overwrapped-pressure-vessels\/\" \/>\n<meta property=\"og:locale\" content=\"fr_FR\" \/>\n<meta property=\"og:type\" content=\"article\" \/>\n<meta property=\"og:title\" content=\"Composite Overwrapped Pressure Vessels - Armor Arsenal\" \/>\n<meta property=\"og:description\" content=\"We develop miniature Composite Overwrappped Pressure Vessels of different sizes. It can operate at high pressure tanks to an innovative winding pattern.\" \/>\n<meta property=\"og:url\" content=\"https:\/\/armor-arsenal.com\/fr\/products\/composite-overwrapped-pressure-vessels\/\" \/>\n<meta property=\"og:site_name\" content=\"Armor Arsenal\" \/>\n<meta property=\"article:modified_time\" content=\"2025-01-31T09:12:13+00:00\" \/>\n<meta property=\"og:image\" content=\"https:\/\/armor-arsenal.com\/wp-content\/uploads\/elementor\/thumbs\/COPV-modif-r0fqwpm7jwjo6jn6bfo1zhc5wqv7y9w474bb0sakma.png\" \/>\n<meta name=\"twitter:card\" content=\"summary_large_image\" \/>\n<meta name=\"twitter:label1\" content=\"Dur\u00e9e de lecture estim\u00e9e\" \/>\n\t<meta name=\"twitter:data1\" content=\"1 minute\" \/>\n<script type=\"application\/ld+json\" class=\"yoast-schema-graph\">{\"@context\":\"https:\/\/schema.org\",\"@graph\":[{\"@type\":\"WebPage\",\"@id\":\"https:\/\/armor-arsenal.com\/products\/composite-overwrapped-pressure-vessels\/\",\"url\":\"https:\/\/armor-arsenal.com\/products\/composite-overwrapped-pressure-vessels\/\",\"name\":\"Composite Overwrapped Pressure Vessels - Armor Arsenal\",\"isPartOf\":{\"@id\":\"https:\/\/armor-arsenal.com\/#website\"},\"primaryImageOfPage\":{\"@id\":\"https:\/\/armor-arsenal.com\/products\/composite-overwrapped-pressure-vessels\/#primaryimage\"},\"image\":{\"@id\":\"https:\/\/armor-arsenal.com\/products\/composite-overwrapped-pressure-vessels\/#primaryimage\"},\"thumbnailUrl\":\"https:\/\/armor-arsenal.com\/wp-content\/uploads\/elementor\/thumbs\/COPV-modif-r0fqwpm7jwjo6jn6bfo1zhc5wqv7y9w474bb0sakma.png\",\"datePublished\":\"2025-01-24T15:44:28+00:00\",\"dateModified\":\"2025-01-31T09:12:13+00:00\",\"description\":\"We develop miniature Composite Overwrappped Pressure Vessels of different sizes. It can operate at high pressure tanks to an innovative winding pattern.\",\"breadcrumb\":{\"@id\":\"https:\/\/armor-arsenal.com\/products\/composite-overwrapped-pressure-vessels\/#breadcrumb\"},\"inLanguage\":\"fr-FR\",\"potentialAction\":[{\"@type\":\"ReadAction\",\"target\":[\"https:\/\/armor-arsenal.com\/products\/composite-overwrapped-pressure-vessels\/\"]}]},{\"@type\":\"ImageObject\",\"inLanguage\":\"fr-FR\",\"@id\":\"https:\/\/armor-arsenal.com\/products\/composite-overwrapped-pressure-vessels\/#primaryimage\",\"url\":\"https:\/\/armor-arsenal.com\/wp-content\/uploads\/elementor\/thumbs\/COPV-modif-r0fqwpm7jwjo6jn6bfo1zhc5wqv7y9w474bb0sakma.png\",\"contentUrl\":\"https:\/\/armor-arsenal.com\/wp-content\/uploads\/elementor\/thumbs\/COPV-modif-r0fqwpm7jwjo6jn6bfo1zhc5wqv7y9w474bb0sakma.png\"},{\"@type\":\"BreadcrumbList\",\"@id\":\"https:\/\/armor-arsenal.com\/products\/composite-overwrapped-pressure-vessels\/#breadcrumb\",\"itemListElement\":[{\"@type\":\"ListItem\",\"position\":1,\"name\":\"Accueil\",\"item\":\"https:\/\/armor-arsenal.com\/\"},{\"@type\":\"ListItem\",\"position\":2,\"name\":\"Our Products\",\"item\":\"https:\/\/armor-arsenal.com\/products\/\"},{\"@type\":\"ListItem\",\"position\":3,\"name\":\"Composite Overwrapped Pressure Vessels\"}]},{\"@type\":\"WebSite\",\"@id\":\"https:\/\/armor-arsenal.com\/#website\",\"url\":\"https:\/\/armor-arsenal.com\/\",\"name\":\"Armor Arsenal\",\"description\":\"New Space Systems\",\"publisher\":{\"@id\":\"https:\/\/armor-arsenal.com\/#organization\"},\"potentialAction\":[{\"@type\":\"SearchAction\",\"target\":{\"@type\":\"EntryPoint\",\"urlTemplate\":\"https:\/\/armor-arsenal.com\/?s={search_term_string}\"},\"query-input\":{\"@type\":\"PropertyValueSpecification\",\"valueRequired\":true,\"valueName\":\"search_term_string\"}}],\"inLanguage\":\"fr-FR\"},{\"@type\":\"Organization\",\"@id\":\"https:\/\/armor-arsenal.com\/#organization\",\"name\":\"Armor Arsenal\",\"url\":\"https:\/\/armor-arsenal.com\/\",\"logo\":{\"@type\":\"ImageObject\",\"inLanguage\":\"fr-FR\",\"@id\":\"https:\/\/armor-arsenal.com\/#\/schema\/logo\/image\/\",\"url\":\"\",\"contentUrl\":\"\",\"caption\":\"Armor Arsenal\"},\"image\":{\"@id\":\"https:\/\/armor-arsenal.com\/#\/schema\/logo\/image\/\"},\"sameAs\":[\"https:\/\/www.linkedin.com\/company\/armor-arsenal\/\"]}]}<\/script>\n<!-- \/ Yoast SEO plugin. -->","yoast_head_json":{"title":"Composite Overwrapped Pressure Vessels - Armor Arsenal","description":"We develop miniature Composite Overwrappped Pressure Vessels of different sizes. It can operate at high pressure tanks to an innovative winding pattern.","robots":{"index":"index","follow":"follow","max-snippet":"max-snippet:-1","max-image-preview":"max-image-preview:large","max-video-preview":"max-video-preview:-1"},"canonical":"https:\/\/armor-arsenal.com\/fr\/products\/composite-overwrapped-pressure-vessels\/","og_locale":"fr_FR","og_type":"article","og_title":"Composite Overwrapped Pressure Vessels - Armor Arsenal","og_description":"We develop miniature Composite Overwrappped Pressure Vessels of different sizes. It can operate at high pressure tanks to an innovative winding pattern.","og_url":"https:\/\/armor-arsenal.com\/fr\/products\/composite-overwrapped-pressure-vessels\/","og_site_name":"Armor Arsenal","article_modified_time":"2025-01-31T09:12:13+00:00","og_image":[{"url":"https:\/\/armor-arsenal.com\/wp-content\/uploads\/elementor\/thumbs\/COPV-modif-r0fqwpm7jwjo6jn6bfo1zhc5wqv7y9w474bb0sakma.png","type":"","width":"","height":""}],"twitter_card":"summary_large_image","twitter_misc":{"Dur\u00e9e de lecture estim\u00e9e":"1 minute"},"schema":{"@context":"https:\/\/schema.org","@graph":[{"@type":"WebPage","@id":"https:\/\/armor-arsenal.com\/products\/composite-overwrapped-pressure-vessels\/","url":"https:\/\/armor-arsenal.com\/products\/composite-overwrapped-pressure-vessels\/","name":"Composite Overwrapped Pressure Vessels - Armor Arsenal","isPartOf":{"@id":"https:\/\/armor-arsenal.com\/#website"},"primaryImageOfPage":{"@id":"https:\/\/armor-arsenal.com\/products\/composite-overwrapped-pressure-vessels\/#primaryimage"},"image":{"@id":"https:\/\/armor-arsenal.com\/products\/composite-overwrapped-pressure-vessels\/#primaryimage"},"thumbnailUrl":"https:\/\/armor-arsenal.com\/wp-content\/uploads\/elementor\/thumbs\/COPV-modif-r0fqwpm7jwjo6jn6bfo1zhc5wqv7y9w474bb0sakma.png","datePublished":"2025-01-24T15:44:28+00:00","dateModified":"2025-01-31T09:12:13+00:00","description":"We develop miniature Composite Overwrappped Pressure Vessels of different sizes. It can operate at high pressure tanks to an innovative winding pattern.","breadcrumb":{"@id":"https:\/\/armor-arsenal.com\/products\/composite-overwrapped-pressure-vessels\/#breadcrumb"},"inLanguage":"fr-FR","potentialAction":[{"@type":"ReadAction","target":["https:\/\/armor-arsenal.com\/products\/composite-overwrapped-pressure-vessels\/"]}]},{"@type":"ImageObject","inLanguage":"fr-FR","@id":"https:\/\/armor-arsenal.com\/products\/composite-overwrapped-pressure-vessels\/#primaryimage","url":"https:\/\/armor-arsenal.com\/wp-content\/uploads\/elementor\/thumbs\/COPV-modif-r0fqwpm7jwjo6jn6bfo1zhc5wqv7y9w474bb0sakma.png","contentUrl":"https:\/\/armor-arsenal.com\/wp-content\/uploads\/elementor\/thumbs\/COPV-modif-r0fqwpm7jwjo6jn6bfo1zhc5wqv7y9w474bb0sakma.png"},{"@type":"BreadcrumbList","@id":"https:\/\/armor-arsenal.com\/products\/composite-overwrapped-pressure-vessels\/#breadcrumb","itemListElement":[{"@type":"ListItem","position":1,"name":"Accueil","item":"https:\/\/armor-arsenal.com\/"},{"@type":"ListItem","position":2,"name":"Our Products","item":"https:\/\/armor-arsenal.com\/products\/"},{"@type":"ListItem","position":3,"name":"Composite Overwrapped Pressure Vessels"}]},{"@type":"WebSite","@id":"https:\/\/armor-arsenal.com\/#website","url":"https:\/\/armor-arsenal.com\/","name":"Armor Arsenal","description":"New Space Systems","publisher":{"@id":"https:\/\/armor-arsenal.com\/#organization"},"potentialAction":[{"@type":"SearchAction","target":{"@type":"EntryPoint","urlTemplate":"https:\/\/armor-arsenal.com\/?s={search_term_string}"},"query-input":{"@type":"PropertyValueSpecification","valueRequired":true,"valueName":"search_term_string"}}],"inLanguage":"fr-FR"},{"@type":"Organization","@id":"https:\/\/armor-arsenal.com\/#organization","name":"Armor Arsenal","url":"https:\/\/armor-arsenal.com\/","logo":{"@type":"ImageObject","inLanguage":"fr-FR","@id":"https:\/\/armor-arsenal.com\/#\/schema\/logo\/image\/","url":"","contentUrl":"","caption":"Armor Arsenal"},"image":{"@id":"https:\/\/armor-arsenal.com\/#\/schema\/logo\/image\/"},"sameAs":["https:\/\/www.linkedin.com\/company\/armor-arsenal\/"]}]}},"_links":{"self":[{"href":"https:\/\/armor-arsenal.com\/fr\/wp-json\/wp\/v2\/pages\/363","targetHints":{"allow":["GET"]}}],"collection":[{"href":"https:\/\/armor-arsenal.com\/fr\/wp-json\/wp\/v2\/pages"}],"about":[{"href":"https:\/\/armor-arsenal.com\/fr\/wp-json\/wp\/v2\/types\/page"}],"author":[{"embeddable":true,"href":"https:\/\/armor-arsenal.com\/fr\/wp-json\/wp\/v2\/users\/3"}],"replies":[{"embeddable":true,"href":"https:\/\/armor-arsenal.com\/fr\/wp-json\/wp\/v2\/comments?post=363"}],"version-history":[{"count":54,"href":"https:\/\/armor-arsenal.com\/fr\/wp-json\/wp\/v2\/pages\/363\/revisions"}],"predecessor-version":[{"id":980,"href":"https:\/\/armor-arsenal.com\/fr\/wp-json\/wp\/v2\/pages\/363\/revisions\/980"}],"up":[{"embeddable":true,"href":"https:\/\/armor-arsenal.com\/fr\/wp-json\/wp\/v2\/pages\/356"}],"wp:attachment":[{"href":"https:\/\/armor-arsenal.com\/fr\/wp-json\/wp\/v2\/media?parent=363"}],"curies":[{"name":"wp","href":"https:\/\/api.w.org\/{rel}","templated":true}]}}