{"id":362,"date":"2025-01-24T16:44:33","date_gmt":"2025-01-24T15:44:33","guid":{"rendered":"https:\/\/armor-arsenal.com\/?page_id=362"},"modified":"2025-01-31T10:06:42","modified_gmt":"2025-01-31T09:06:42","slug":"flow-control-valves","status":"publish","type":"page","link":"https:\/\/armor-arsenal.com\/fr\/products\/flow-control-valves\/","title":{"rendered":"Flow Control Valves"},"content":{"rendered":"<div data-elementor-type=\"wp-page\" data-elementor-id=\"362\" class=\"elementor elementor-362\">\n\t\t\t\t<div class=\"elementor-element elementor-element-e52c479 e-flex e-con-boxed e-con e-parent\" data-id=\"e52c479\" data-element_type=\"container\" data-e-type=\"container\">\n\t\t\t\t\t<div class=\"e-con-inner\">\n\t\t\t\t<div class=\"elementor-element elementor-element-228cebb elementor-widget elementor-widget-heading\" data-id=\"228cebb\" data-element_type=\"widget\" data-e-type=\"widget\" data-widget_type=\"heading.default\">\n\t\t\t\t<div class=\"elementor-widget-container\">\n\t\t\t\t\t<h2 class=\"elementor-heading-title elementor-size-default\">Flow Control Valves<\/h2>\t\t\t\t<\/div>\n\t\t\t\t<\/div>\n\t\t\t\t<div class=\"elementor-element elementor-element-b4bc71b elementor-widget elementor-widget-spacer\" data-id=\"b4bc71b\" data-element_type=\"widget\" data-e-type=\"widget\" data-widget_type=\"spacer.default\">\n\t\t\t\t<div class=\"elementor-widget-container\">\n\t\t\t\t\t\t\t<div class=\"elementor-spacer\">\n\t\t\t<div class=\"elementor-spacer-inner\"><\/div>\n\t\t<\/div>\n\t\t\t\t\t\t<\/div>\n\t\t\t\t<\/div>\n\t\t\t\t\t<\/div>\n\t\t\t\t<\/div>\n\t\t<div class=\"elementor-element elementor-element-8199a6c e-grid e-con-boxed e-con e-parent\" data-id=\"8199a6c\" data-element_type=\"container\" data-e-type=\"container\">\n\t\t\t\t\t<div class=\"e-con-inner\">\n\t\t\t\t<div class=\"elementor-element elementor-element-a19cdef elementor-arrows-position-inside elementor-pagination-position-outside elementor-widget elementor-widget-image-carousel\" data-id=\"a19cdef\" data-element_type=\"widget\" data-e-type=\"widget\" data-settings=\"{&quot;slides_to_show&quot;:&quot;1&quot;,&quot;navigation&quot;:&quot;both&quot;,&quot;autoplay&quot;:&quot;yes&quot;,&quot;pause_on_hover&quot;:&quot;yes&quot;,&quot;pause_on_interaction&quot;:&quot;yes&quot;,&quot;autoplay_speed&quot;:5000,&quot;infinite&quot;:&quot;yes&quot;,&quot;effect&quot;:&quot;slide&quot;,&quot;speed&quot;:500}\" data-widget_type=\"image-carousel.default\">\n\t\t\t\t<div class=\"elementor-widget-container\">\n\t\t\t\t\t\t\t<div class=\"elementor-image-carousel-wrapper swiper\" role=\"region\" aria-roledescription=\"carousel\" aria-label=\"Carrousel d\u2019images\" dir=\"ltr\">\n\t\t\t<div class=\"elementor-image-carousel swiper-wrapper\" aria-live=\"off\">\n\t\t\t\t\t\t\t\t<div class=\"swiper-slide\" role=\"group\" aria-roledescription=\"slide\" aria-label=\"1 sur 1\" data-no-translation-aria-label=\"\"><figure class=\"swiper-slide-inner\"><img decoding=\"async\" class=\"swiper-slide-image\" src=\"https:\/\/armor-arsenal.com\/wp-content\/uploads\/elementor\/thumbs\/1014521-2-scaled-r0h3a0kqby9e4wavbmg8lki2sq76ghqzxryblcfzxc.jpg\" alt=\"OLYMPUS DIGITAL CAMERA\" \/><\/figure><\/div>\t\t\t<\/div>\n\t\t\t\t\t<\/div>\n\t\t\t\t\t\t<\/div>\n\t\t\t\t<\/div>\n\t\t\t\t<div class=\"elementor-element elementor-element-8c757cf elementor-widget elementor-widget-text-editor\" data-id=\"8c757cf\" data-element_type=\"widget\" data-e-type=\"widget\" data-widget_type=\"text-editor.default\">\n\t\t\t\t<div class=\"elementor-widget-container\">\n\t\t\t\t\t\t\t\t\t<p><span lang=\"EN-US\">Armor Arsenal d\u00e9veloppe des \u00e9lectrovannes rapides pour le contr\u00f4le des ergols et des gaz de pressurisation. <\/span><\/p><p><span lang=\"EN-US\">Nos efforts de R&amp;D ont \u00e9t\u00e9 focalis\u00e9s sur la compatibilit\u00e9 mat\u00e9riau et le design magn\u00e9tique rendant nos \u00e9lectrovannes rapides et tol\u00e9rantes \u00e0 toute une vari\u00e9t\u00e9 de fluide (gaz neutres, gaz nobles, peroxyde d\u2019hydrog\u00e8ne).<\/span><\/p><p>\u00a0<\/p><h4 class=\"elementor-heading-title elementor-size-default elementor-inline-editing pen\" contenteditable=\"true\" data-elementor-setting-key=\"title\" data-pen-placeholder=\"\u00c9crivez ici...\">Applications :<\/h4><p>\u00a0<\/p><ul><li>Propulseur mono et biergol ;<\/li><li>R\u00e9gulation de pression ;<\/li><li>Pressurisation, d\u00e9pressurisation ;<\/li><li>Ou toute autre application similaire.<\/li><\/ul>\t\t\t\t\t\t\t\t<\/div>\n\t\t\t\t<\/div>\n\t\t\t\t\t<\/div>\n\t\t\t\t<\/div>\n\t\t\t\t<\/div>","protected":false},"excerpt":{"rendered":"<p>Flow Control Valves Armor Arsenal develops Flow Control Valves for propellant &amp; pressurant control. Having focused our R&amp;D efforts into material compatibility and magnetic design, our solenoid valves are fast and available in multiple variants enabling compatibility with neutral gases, noble gases and highly concentrated hydrogen peroxide. \u00a0 Typical applications :\u200b \u00a0 Monopropellant or bipropellant [&hellip;]<\/p>\n","protected":false},"author":3,"featured_media":0,"parent":356,"menu_order":4,"comment_status":"closed","ping_status":"closed","template":"","meta":{"footnotes":""},"class_list":["post-362","page","type-page","status-publish","hentry"],"blocksy_meta":[],"yoast_head":"<!-- This site is optimized with the Yoast SEO plugin v26.8 - https:\/\/yoast.com\/product\/yoast-seo-wordpress\/ -->\n<title>Flow Control Valves - Armor Arsenal<\/title>\n<meta name=\"description\" content=\"Our Flow Control Valves are for propellant &amp; pressurant control. It is available in multiple variants enabling compatibility with neutral gases, nobles gases, ...\" \/>\n<meta name=\"robots\" content=\"index, follow, max-snippet:-1, max-image-preview:large, max-video-preview:-1\" \/>\n<link rel=\"canonical\" href=\"https:\/\/armor-arsenal.com\/fr\/products\/flow-control-valves\/\" \/>\n<meta property=\"og:locale\" content=\"fr_FR\" \/>\n<meta property=\"og:type\" content=\"article\" \/>\n<meta property=\"og:title\" content=\"Flow Control Valves - Armor Arsenal\" \/>\n<meta property=\"og:description\" content=\"Our Flow Control Valves are for propellant &amp; pressurant control. It is available in multiple variants enabling compatibility with neutral gases, nobles gases, ...\" \/>\n<meta property=\"og:url\" content=\"https:\/\/armor-arsenal.com\/fr\/products\/flow-control-valves\/\" \/>\n<meta property=\"og:site_name\" content=\"Armor Arsenal\" \/>\n<meta property=\"article:modified_time\" content=\"2025-01-31T09:06:42+00:00\" \/>\n<meta property=\"og:image\" content=\"https:\/\/armor-arsenal.com\/wp-content\/uploads\/elementor\/thumbs\/1014521-2-scaled-r0h3a0kqby9e4wavbmg8lki2sq76ghqzxryblcfzxc.jpg\" \/>\n<meta name=\"twitter:card\" content=\"summary_large_image\" \/>\n<meta name=\"twitter:label1\" content=\"Dur\u00e9e de lecture estim\u00e9e\" \/>\n\t<meta name=\"twitter:data1\" content=\"1 minute\" \/>\n<script type=\"application\/ld+json\" class=\"yoast-schema-graph\">{\"@context\":\"https:\/\/schema.org\",\"@graph\":[{\"@type\":\"WebPage\",\"@id\":\"https:\/\/armor-arsenal.com\/products\/flow-control-valves\/\",\"url\":\"https:\/\/armor-arsenal.com\/products\/flow-control-valves\/\",\"name\":\"Flow Control Valves - Armor Arsenal\",\"isPartOf\":{\"@id\":\"https:\/\/armor-arsenal.com\/#website\"},\"primaryImageOfPage\":{\"@id\":\"https:\/\/armor-arsenal.com\/products\/flow-control-valves\/#primaryimage\"},\"image\":{\"@id\":\"https:\/\/armor-arsenal.com\/products\/flow-control-valves\/#primaryimage\"},\"thumbnailUrl\":\"https:\/\/armor-arsenal.com\/wp-content\/uploads\/elementor\/thumbs\/1014521-2-scaled-r0h3a0kqby9e4wavbmg8lki2sq76ghqzxryblcfzxc.jpg\",\"datePublished\":\"2025-01-24T15:44:33+00:00\",\"dateModified\":\"2025-01-31T09:06:42+00:00\",\"description\":\"Our Flow Control Valves are for propellant & pressurant control. It is available in multiple variants enabling compatibility with neutral gases, nobles gases, ...\",\"breadcrumb\":{\"@id\":\"https:\/\/armor-arsenal.com\/products\/flow-control-valves\/#breadcrumb\"},\"inLanguage\":\"fr-FR\",\"potentialAction\":[{\"@type\":\"ReadAction\",\"target\":[\"https:\/\/armor-arsenal.com\/products\/flow-control-valves\/\"]}]},{\"@type\":\"ImageObject\",\"inLanguage\":\"fr-FR\",\"@id\":\"https:\/\/armor-arsenal.com\/products\/flow-control-valves\/#primaryimage\",\"url\":\"https:\/\/armor-arsenal.com\/wp-content\/uploads\/elementor\/thumbs\/1014521-2-scaled-r0h3a0kqby9e4wavbmg8lki2sq76ghqzxryblcfzxc.jpg\",\"contentUrl\":\"https:\/\/armor-arsenal.com\/wp-content\/uploads\/elementor\/thumbs\/1014521-2-scaled-r0h3a0kqby9e4wavbmg8lki2sq76ghqzxryblcfzxc.jpg\"},{\"@type\":\"BreadcrumbList\",\"@id\":\"https:\/\/armor-arsenal.com\/products\/flow-control-valves\/#breadcrumb\",\"itemListElement\":[{\"@type\":\"ListItem\",\"position\":1,\"name\":\"Accueil\",\"item\":\"https:\/\/armor-arsenal.com\/\"},{\"@type\":\"ListItem\",\"position\":2,\"name\":\"Our Products\",\"item\":\"https:\/\/armor-arsenal.com\/products\/\"},{\"@type\":\"ListItem\",\"position\":3,\"name\":\"Flow Control Valves\"}]},{\"@type\":\"WebSite\",\"@id\":\"https:\/\/armor-arsenal.com\/#website\",\"url\":\"https:\/\/armor-arsenal.com\/\",\"name\":\"Armor Arsenal\",\"description\":\"New Space Systems\",\"publisher\":{\"@id\":\"https:\/\/armor-arsenal.com\/#organization\"},\"potentialAction\":[{\"@type\":\"SearchAction\",\"target\":{\"@type\":\"EntryPoint\",\"urlTemplate\":\"https:\/\/armor-arsenal.com\/?s={search_term_string}\"},\"query-input\":{\"@type\":\"PropertyValueSpecification\",\"valueRequired\":true,\"valueName\":\"search_term_string\"}}],\"inLanguage\":\"fr-FR\"},{\"@type\":\"Organization\",\"@id\":\"https:\/\/armor-arsenal.com\/#organization\",\"name\":\"Armor Arsenal\",\"url\":\"https:\/\/armor-arsenal.com\/\",\"logo\":{\"@type\":\"ImageObject\",\"inLanguage\":\"fr-FR\",\"@id\":\"https:\/\/armor-arsenal.com\/#\/schema\/logo\/image\/\",\"url\":\"\",\"contentUrl\":\"\",\"caption\":\"Armor Arsenal\"},\"image\":{\"@id\":\"https:\/\/armor-arsenal.com\/#\/schema\/logo\/image\/\"},\"sameAs\":[\"https:\/\/www.linkedin.com\/company\/armor-arsenal\/\"]}]}<\/script>\n<!-- \/ Yoast SEO plugin. -->","yoast_head_json":{"title":"Flow Control Valves - Armor Arsenal","description":"Our Flow Control Valves are for propellant & pressurant control. It is available in multiple variants enabling compatibility with neutral gases, nobles gases, ...","robots":{"index":"index","follow":"follow","max-snippet":"max-snippet:-1","max-image-preview":"max-image-preview:large","max-video-preview":"max-video-preview:-1"},"canonical":"https:\/\/armor-arsenal.com\/fr\/products\/flow-control-valves\/","og_locale":"fr_FR","og_type":"article","og_title":"Flow Control Valves - Armor Arsenal","og_description":"Our Flow Control Valves are for propellant & pressurant control. It is available in multiple variants enabling compatibility with neutral gases, nobles gases, ...","og_url":"https:\/\/armor-arsenal.com\/fr\/products\/flow-control-valves\/","og_site_name":"Armor Arsenal","article_modified_time":"2025-01-31T09:06:42+00:00","og_image":[{"url":"https:\/\/armor-arsenal.com\/wp-content\/uploads\/elementor\/thumbs\/1014521-2-scaled-r0h3a0kqby9e4wavbmg8lki2sq76ghqzxryblcfzxc.jpg","type":"","width":"","height":""}],"twitter_card":"summary_large_image","twitter_misc":{"Dur\u00e9e de lecture estim\u00e9e":"1 minute"},"schema":{"@context":"https:\/\/schema.org","@graph":[{"@type":"WebPage","@id":"https:\/\/armor-arsenal.com\/products\/flow-control-valves\/","url":"https:\/\/armor-arsenal.com\/products\/flow-control-valves\/","name":"Flow Control Valves - Armor Arsenal","isPartOf":{"@id":"https:\/\/armor-arsenal.com\/#website"},"primaryImageOfPage":{"@id":"https:\/\/armor-arsenal.com\/products\/flow-control-valves\/#primaryimage"},"image":{"@id":"https:\/\/armor-arsenal.com\/products\/flow-control-valves\/#primaryimage"},"thumbnailUrl":"https:\/\/armor-arsenal.com\/wp-content\/uploads\/elementor\/thumbs\/1014521-2-scaled-r0h3a0kqby9e4wavbmg8lki2sq76ghqzxryblcfzxc.jpg","datePublished":"2025-01-24T15:44:33+00:00","dateModified":"2025-01-31T09:06:42+00:00","description":"Our Flow Control Valves are for propellant & pressurant control. It is available in multiple variants enabling compatibility with neutral gases, nobles gases, ...","breadcrumb":{"@id":"https:\/\/armor-arsenal.com\/products\/flow-control-valves\/#breadcrumb"},"inLanguage":"fr-FR","potentialAction":[{"@type":"ReadAction","target":["https:\/\/armor-arsenal.com\/products\/flow-control-valves\/"]}]},{"@type":"ImageObject","inLanguage":"fr-FR","@id":"https:\/\/armor-arsenal.com\/products\/flow-control-valves\/#primaryimage","url":"https:\/\/armor-arsenal.com\/wp-content\/uploads\/elementor\/thumbs\/1014521-2-scaled-r0h3a0kqby9e4wavbmg8lki2sq76ghqzxryblcfzxc.jpg","contentUrl":"https:\/\/armor-arsenal.com\/wp-content\/uploads\/elementor\/thumbs\/1014521-2-scaled-r0h3a0kqby9e4wavbmg8lki2sq76ghqzxryblcfzxc.jpg"},{"@type":"BreadcrumbList","@id":"https:\/\/armor-arsenal.com\/products\/flow-control-valves\/#breadcrumb","itemListElement":[{"@type":"ListItem","position":1,"name":"Accueil","item":"https:\/\/armor-arsenal.com\/"},{"@type":"ListItem","position":2,"name":"Our Products","item":"https:\/\/armor-arsenal.com\/products\/"},{"@type":"ListItem","position":3,"name":"Flow Control Valves"}]},{"@type":"WebSite","@id":"https:\/\/armor-arsenal.com\/#website","url":"https:\/\/armor-arsenal.com\/","name":"Armor Arsenal","description":"New Space Systems","publisher":{"@id":"https:\/\/armor-arsenal.com\/#organization"},"potentialAction":[{"@type":"SearchAction","target":{"@type":"EntryPoint","urlTemplate":"https:\/\/armor-arsenal.com\/?s={search_term_string}"},"query-input":{"@type":"PropertyValueSpecification","valueRequired":true,"valueName":"search_term_string"}}],"inLanguage":"fr-FR"},{"@type":"Organization","@id":"https:\/\/armor-arsenal.com\/#organization","name":"Armor Arsenal","url":"https:\/\/armor-arsenal.com\/","logo":{"@type":"ImageObject","inLanguage":"fr-FR","@id":"https:\/\/armor-arsenal.com\/#\/schema\/logo\/image\/","url":"","contentUrl":"","caption":"Armor Arsenal"},"image":{"@id":"https:\/\/armor-arsenal.com\/#\/schema\/logo\/image\/"},"sameAs":["https:\/\/www.linkedin.com\/company\/armor-arsenal\/"]}]}},"_links":{"self":[{"href":"https:\/\/armor-arsenal.com\/fr\/wp-json\/wp\/v2\/pages\/362","targetHints":{"allow":["GET"]}}],"collection":[{"href":"https:\/\/armor-arsenal.com\/fr\/wp-json\/wp\/v2\/pages"}],"about":[{"href":"https:\/\/armor-arsenal.com\/fr\/wp-json\/wp\/v2\/types\/page"}],"author":[{"embeddable":true,"href":"https:\/\/armor-arsenal.com\/fr\/wp-json\/wp\/v2\/users\/3"}],"replies":[{"embeddable":true,"href":"https:\/\/armor-arsenal.com\/fr\/wp-json\/wp\/v2\/comments?post=362"}],"version-history":[{"count":60,"href":"https:\/\/armor-arsenal.com\/fr\/wp-json\/wp\/v2\/pages\/362\/revisions"}],"predecessor-version":[{"id":976,"href":"https:\/\/armor-arsenal.com\/fr\/wp-json\/wp\/v2\/pages\/362\/revisions\/976"}],"up":[{"embeddable":true,"href":"https:\/\/armor-arsenal.com\/fr\/wp-json\/wp\/v2\/pages\/356"}],"wp:attachment":[{"href":"https:\/\/armor-arsenal.com\/fr\/wp-json\/wp\/v2\/media?parent=362"}],"curies":[{"name":"wp","href":"https:\/\/api.w.org\/{rel}","templated":true}]}}