{"id":356,"date":"2025-01-24T16:44:40","date_gmt":"2025-01-24T15:44:40","guid":{"rendered":"https:\/\/armor-arsenal.com\/?page_id=356"},"modified":"2025-02-06T15:28:40","modified_gmt":"2025-02-06T14:28:40","slug":"products","status":"publish","type":"page","link":"https:\/\/armor-arsenal.com\/fr\/products\/","title":{"rendered":"Nos Produits"},"content":{"rendered":"<div class=\"wp-block-cover alignfull\" style=\"margin-top:0;margin-bottom:0;padding-bottom:20vh;min-height:100vh;aspect-ratio:unset;\"><span aria-hidden=\"true\" class=\"wp-block-cover__background has-background-dim-40 has-background-dim\" style=\"background-color:#3f4a49\"><\/span><img fetchpriority=\"high\" decoding=\"async\" width=\"2560\" height=\"1707\" class=\"wp-block-cover__image-background wp-image-376\" alt=\"\" src=\"https:\/\/armor-arsenal.com\/wp-content\/uploads\/2025\/01\/pexels-spacex-60132-scaled.jpg\" style=\"object-position:44% 2%\" data-object-fit=\"cover\" data-object-position=\"44% 2%\" srcset=\"https:\/\/armor-arsenal.com\/wp-content\/uploads\/2025\/01\/pexels-spacex-60132-scaled.jpg 2560w, https:\/\/armor-arsenal.com\/wp-content\/uploads\/2025\/01\/pexels-spacex-60132-300x200.jpg 300w, https:\/\/armor-arsenal.com\/wp-content\/uploads\/2025\/01\/pexels-spacex-60132-1024x683.jpg 1024w, https:\/\/armor-arsenal.com\/wp-content\/uploads\/2025\/01\/pexels-spacex-60132-768x512.jpg 768w, https:\/\/armor-arsenal.com\/wp-content\/uploads\/2025\/01\/pexels-spacex-60132-1536x1024.jpg 1536w, https:\/\/armor-arsenal.com\/wp-content\/uploads\/2025\/01\/pexels-spacex-60132-2048x1365.jpg 2048w\" sizes=\"(max-width: 2560px) 100vw, 2560px\" \/><div class=\"wp-block-cover__inner-container is-layout-constrained wp-container-core-cover-is-layout-1 wp-block-cover-is-layout-constrained\">\n<div class=\"wp-block-columns is-layout-flex wp-container-core-columns-is-layout-1 wp-block-columns-is-layout-flex\">\n<div class=\"wp-block-column is-layout-flow wp-block-column-is-layout-flow\">\n<h2 class=\"wp-block-heading has-text-align-center has-text-color\" style=\"color:#ffffff;margin-top:60px;margin-bottom:0px;font-size:clamp(29.768px, 1.861rem + ((1vw - 3.2px) * 1.737), 52px);font-style:normal;font-weight:400;line-height:1.2\"><strong>Composants Fluidiques pour les applications Espace et D\u00e9fense<\/strong><\/h2>\n<\/div>\n<\/div>\n<\/div><\/div>\n\n\n\n<div class=\"wp-block-cover alignfull is-light\" style=\"margin-top:0px;margin-bottom:0px;padding-top:116px;padding-bottom:116px;min-height:869px;aspect-ratio:unset;\"><span aria-hidden=\"true\" class=\"wp-block-cover__background has-background-dim-100 has-background-dim\" style=\"background-color:#d4d3dc\"><\/span><div class=\"wp-block-cover__inner-container is-layout-constrained wp-container-core-cover-is-layout-2 wp-block-cover-is-layout-constrained\">\n<div class=\"wp-block-columns is-layout-flex wp-container-core-columns-is-layout-2 wp-block-columns-is-layout-flex\">\n<div class=\"wp-block-column is-layout-flow wp-block-column-is-layout-flow\" style=\"flex-basis:50%\">\n<figure class=\"wp-block-image size-full is-resized is-style-default\"><img decoding=\"async\" width=\"528\" height=\"707\" src=\"https:\/\/armor-arsenal.com\/wp-content\/uploads\/2025\/01\/LV1-modif.png\" alt=\"\" class=\"wp-image-375\" style=\"aspect-ratio:1;object-fit:contain;width:621px;height:auto\" srcset=\"https:\/\/armor-arsenal.com\/wp-content\/uploads\/2025\/01\/LV1-modif.png 528w, https:\/\/armor-arsenal.com\/wp-content\/uploads\/2025\/01\/LV1-modif-224x300.png 224w\" sizes=\"(max-width: 528px) 100vw, 528px\" \/><\/figure>\n<\/div>\n\n\n\n<div class=\"wp-block-column has-base-background-color has-background is-layout-flow wp-block-column-is-layout-flow\" style=\"padding-top:60px;padding-right:0px;padding-bottom:60px;padding-left:0px\">\n<p class=\"has-text-color has-link-color wp-elements-97afec1f498e15f338ffb49da6462e4c\" style=\"color:#000000;font-size:clamp(14.642px, 0.915rem + ((1vw - 3.2px) * 0.575), 22px);line-height:1.3\"><strong>Notre Expertise<\/strong><\/p>\n\n\n\n<p class=\"has-text-align-left\">Notre \u00e9quipe rassemble des comp\u00e9tences vari\u00e9es, de la mise en \u0153uvre des lanceurs spatiaux jusqu'\u00e0 la conception et l'op\u00e9ration de syst\u00e8mes photoniques. <\/p>\n\n\n\n<p class=\"has-text-align-left has-text-color has-link-color wp-elements-7d0789753b4d94a1b9fe79fd7b33a346\" style=\"color:#000000;line-height:1.3\">Notre expertise couvre les domaines suivants :<\/p>\n\n\n\n<ul class=\"wp-block-list\">\n<li>Mise en \u0153uvre de lanceurs spatiaux et op\u00e9rations de lancement,<\/li>\n\n\n\n<li>Conception et op\u00e9ration d'\u00e9quipements de contr\u00f4le des fluides pour ergols cryog\u00e9niques et stockables,<\/li>\n\n\n\n<li>Design, conception &amp; qualification de produits \u00e0 applications spatiales ;<\/li>\n\n\n\n<li>Syst\u00e8mes de propulsion \u00e9lectrique de forte puissance pour plateformes orbitales,<\/li>\n\n\n\n<li>Conception, fabrication et op\u00e9ration de propulseurs chimiques mono et biergol,<\/li>\n\n\n\n<li>Moyens sols type EGSE, FGSE, MGSE, etc.<\/li>\n<\/ul>\n<\/div>\n<\/div>\n<\/div><\/div>\n\n\n\n<div class=\"wp-block-cover alignfull has-custom-body-text-color-color has-text-color\" style=\"padding-top:96px;padding-bottom:96px;min-height:1277px;aspect-ratio:unset;\"><span aria-hidden=\"true\" class=\"wp-block-cover__background has-palette-color-5-background-color has-background-dim-100 has-background-dim\"><\/span><div class=\"wp-block-cover__inner-container is-layout-constrained wp-container-core-cover-is-layout-3 wp-block-cover-is-layout-constrained\">\n<h2 class=\"wp-block-heading has-text-align-center has-text-color\" style=\"color:#000000;padding-bottom:160px;font-size:clamp(29.768px, 1.861rem + ((1vw - 3.2px) * 1.737), 52px);font-style:normal;font-weight:400;line-height:1.2\"><strong>Nos Produits<\/strong><\/h2>\n\n\n\n<div class=\"wp-block-columns is-layout-flex wp-container-core-columns-is-layout-3 wp-block-columns-is-layout-flex\" style=\"margin-top:0px;margin-bottom:70px;padding-top:0px;padding-bottom:0px\">\n<div class=\"wp-block-column is-layout-flow wp-block-column-is-layout-flow\">\n<figure class=\"wp-block-image aligncenter size-full is-resized has-custom-border\"><a href=\"https:\/\/armor-arsenal.com\/fr\/products\/flow-control-valves\/\"><img decoding=\"async\" width=\"2560\" height=\"1920\" src=\"https:\/\/armor-arsenal.com\/wp-content\/uploads\/2025\/01\/1234568-1-scaled.jpg\" alt=\"\" class=\"has-border-color wp-image-711\" style=\"border-color:#384454;border-width:3px;width:390px;height:auto\" srcset=\"https:\/\/armor-arsenal.com\/wp-content\/uploads\/2025\/01\/1234568-1-scaled.jpg 2560w, https:\/\/armor-arsenal.com\/wp-content\/uploads\/2025\/01\/1234568-1-300x225.jpg 300w, https:\/\/armor-arsenal.com\/wp-content\/uploads\/2025\/01\/1234568-1-1024x768.jpg 1024w, https:\/\/armor-arsenal.com\/wp-content\/uploads\/2025\/01\/1234568-1-768x576.jpg 768w, https:\/\/armor-arsenal.com\/wp-content\/uploads\/2025\/01\/1234568-1-1536x1152.jpg 1536w, https:\/\/armor-arsenal.com\/wp-content\/uploads\/2025\/01\/1234568-1-2048x1536.jpg 2048w\" sizes=\"(max-width: 2560px) 100vw, 2560px\" \/><\/a><\/figure>\n\n\n\n<h3 class=\"wp-block-heading has-text-align-center has-palette-color-2-color has-text-color\" style=\"padding-top:20px;padding-bottom:20px;font-size:clamp(17.371px, 1.086rem + ((1vw - 3.2px) * 0.752), 27px);font-style:normal;font-weight:400;line-height:1.5;text-decoration:underline\"><a href=\"https:\/\/armor-arsenal.com\/fr\/products\/flow-control-valves\/\">Flow Control Valves<\/a><\/h3>\n\n\n\n<hr class=\"wp-block-separator has-alpha-channel-opacity\"\/>\n<\/div>\n\n\n\n<div class=\"wp-block-column is-layout-flow wp-block-column-is-layout-flow\">\n<figure class=\"wp-block-image aligncenter size-full is-resized has-custom-border\"><a href=\"https:\/\/armor-arsenal.com\/fr\/products\/latching-valves\/\"><img loading=\"lazy\" decoding=\"async\" width=\"612\" height=\"459\" src=\"https:\/\/armor-arsenal.com\/wp-content\/uploads\/2025\/01\/Capture-decran-2025-01-24-161349.png\" alt=\"\" class=\"has-border-color wp-image-789\" style=\"border-color:#384454;border-width:3px;width:388px;height:auto\" srcset=\"https:\/\/armor-arsenal.com\/wp-content\/uploads\/2025\/01\/Capture-decran-2025-01-24-161349.png 612w, https:\/\/armor-arsenal.com\/wp-content\/uploads\/2025\/01\/Capture-decran-2025-01-24-161349-300x225.png 300w\" sizes=\"(max-width: 612px) 100vw, 612px\" \/><\/a><\/figure>\n\n\n\n<h3 class=\"wp-block-heading has-text-align-center has-palette-color-2-color has-text-color\" style=\"padding-top:20px;padding-bottom:20px;font-size:clamp(17.371px, 1.086rem + ((1vw - 3.2px) * 0.752), 27px);font-style:normal;font-weight:400;line-height:1.5;text-decoration:underline\"><a href=\"https:\/\/armor-arsenal.com\/fr\/products\/latching-valves\/\">Isolation Latching Valve<\/a><\/h3>\n\n\n\n<hr class=\"wp-block-separator has-alpha-channel-opacity\"\/>\n<\/div>\n<\/div>\n\n\n\n<div class=\"wp-block-columns is-layout-flex wp-container-core-columns-is-layout-4 wp-block-columns-is-layout-flex\" style=\"padding-top:40px;padding-bottom:0px\">\n<div class=\"wp-block-column is-layout-flow wp-block-column-is-layout-flow\">\n<figure class=\"wp-block-image aligncenter size-full is-resized has-custom-border\"><a href=\"https:\/\/armor-arsenal.com\/fr\/products\/feed-and-drain-valves\/\"><img loading=\"lazy\" decoding=\"async\" width=\"2560\" height=\"1920\" src=\"https:\/\/armor-arsenal.com\/wp-content\/uploads\/2025\/01\/1244574-scaled.jpg\" alt=\"\" class=\"has-border-color wp-image-783\" style=\"border-color:#384454;border-width:3px;width:384px;height:auto\" srcset=\"https:\/\/armor-arsenal.com\/wp-content\/uploads\/2025\/01\/1244574-scaled.jpg 2560w, https:\/\/armor-arsenal.com\/wp-content\/uploads\/2025\/01\/1244574-300x225.jpg 300w, https:\/\/armor-arsenal.com\/wp-content\/uploads\/2025\/01\/1244574-1024x768.jpg 1024w, https:\/\/armor-arsenal.com\/wp-content\/uploads\/2025\/01\/1244574-768x576.jpg 768w, https:\/\/armor-arsenal.com\/wp-content\/uploads\/2025\/01\/1244574-1536x1152.jpg 1536w, https:\/\/armor-arsenal.com\/wp-content\/uploads\/2025\/01\/1244574-2048x1536.jpg 2048w\" sizes=\"(max-width: 2560px) 100vw, 2560px\" \/><\/a><\/figure>\n\n\n\n<h3 class=\"wp-block-heading has-text-align-center has-palette-color-2-color has-text-color\" style=\"padding-top:20px;padding-bottom:20px;font-size:clamp(17.371px, 1.086rem + ((1vw - 3.2px) * 0.752), 27px);font-style:normal;font-weight:400;line-height:1.5;text-decoration:underline\"><a href=\"https:\/\/armor-arsenal.com\/fr\/products\/feed-and-drain-valves\/\">Feed-and-Drain Valves<\/a><\/h3>\n\n\n\n<hr class=\"wp-block-separator has-alpha-channel-opacity\"\/>\n<\/div>\n\n\n\n<div class=\"wp-block-column is-layout-flow wp-block-column-is-layout-flow\">\n<figure class=\"wp-block-image aligncenter size-full is-resized has-custom-border\"><a href=\"https:\/\/armor-arsenal.com\/fr\/products\/composite-overwrapped-pressure-vessels\/\"><img loading=\"lazy\" decoding=\"async\" width=\"509\" height=\"381\" src=\"https:\/\/armor-arsenal.com\/wp-content\/uploads\/2025\/01\/COPV-modif.png\" alt=\"\" class=\"has-border-color wp-image-597\" style=\"border-color:#384454;border-width:3px;width:384px;height:auto\" srcset=\"https:\/\/armor-arsenal.com\/wp-content\/uploads\/2025\/01\/COPV-modif.png 509w, https:\/\/armor-arsenal.com\/wp-content\/uploads\/2025\/01\/COPV-modif-300x225.png 300w\" sizes=\"(max-width: 509px) 100vw, 509px\" \/><\/a><\/figure>\n\n\n\n<h3 class=\"wp-block-heading has-text-align-center has-palette-color-2-color has-text-color\" style=\"padding-top:20px;padding-bottom:20px;font-size:clamp(17.371px, 1.086rem + ((1vw - 3.2px) * 0.752), 27px);font-style:normal;font-weight:400;line-height:1.5;text-decoration:underline\"><a href=\"https:\/\/armor-arsenal.com\/fr\/products\/composite-overwrapped-pressure-vessels\/\">Composite Overwrapped Pressure Vessels<\/a><\/h3>\n\n\n\n<hr class=\"wp-block-separator has-alpha-channel-opacity\"\/>\n<\/div>\n<\/div>\n<\/div><\/div>\n\n\n\n<hr class=\"wp-block-separator has-alpha-channel-opacity\"\/>\n\n\n\n<div class=\"wp-block-columns is-layout-flex wp-container-core-columns-is-layout-5 wp-block-columns-is-layout-flex\">\n<div class=\"wp-block-column is-layout-flow wp-block-column-is-layout-flow\" style=\"flex-basis:100%\"><\/div>\n<\/div>\n\n\n\n<hr class=\"wp-block-separator has-alpha-channel-opacity\"\/>\n\n\n\n<div class=\"wp-block-cover alignfull\" style=\"margin-top:0px;margin-bottom:0px;padding-top:140px;padding-bottom:140px;min-height:539px;aspect-ratio:unset;\"><span aria-hidden=\"true\" class=\"wp-block-cover__background has-background-dim-100 has-background-dim\" style=\"background-color:#384454\"><\/span><div class=\"wp-block-cover__inner-container is-layout-constrained wp-container-core-cover-is-layout-4 wp-block-cover-is-layout-constrained\">\n<h2 class=\"wp-block-heading has-text-align-center has-text-color has-link-color wp-elements-4bd09dde096778f6bbad408552fe0836\" style=\"color:#ffffff;padding-top:0;padding-bottom:0;font-size:clamp(24.034px, 1.502rem + ((1vw - 3.2px) * 1.247), 40px);font-style:normal;font-weight:400;line-height:1;text-decoration:underline\"><a href=\"https:\/\/armor-arsenal.com\/fr\/contact\/\" data-type=\"page\" data-id=\"462\">Prenez Contact avec Nous !<\/a><\/h2>\n<\/div><\/div>\n\n\n\n<p><\/p>","protected":false},"excerpt":{"rendered":"","protected":false},"author":3,"featured_media":0,"parent":0,"menu_order":3,"comment_status":"closed","ping_status":"closed","template":"","meta":{"footnotes":""},"class_list":["post-356","page","type-page","status-publish","hentry"],"blocksy_meta":{"styles_descriptor":{"styles":{"desktop":"","tablet":"","mobile":""},"google_fonts":[],"version":6}},"yoast_head":"<!-- This site is optimized with the Yoast SEO plugin v26.8 - https:\/\/yoast.com\/product\/yoast-seo-wordpress\/ -->\n<title>Our Our Products - Armor Arsenal<\/title>\n<meta name=\"description\" content=\"Discover our different products such as Flow Control Valves, Feed-and-Drain Valves, Latching Valves and COPV we develop in our company.\" \/>\n<meta name=\"robots\" content=\"index, follow, max-snippet:-1, max-image-preview:large, max-video-preview:-1\" \/>\n<link rel=\"canonical\" href=\"https:\/\/armor-arsenal.com\/fr\/products\/\" \/>\n<meta property=\"og:locale\" content=\"fr_FR\" \/>\n<meta property=\"og:type\" content=\"article\" \/>\n<meta property=\"og:title\" content=\"Our Our Products - Armor Arsenal\" \/>\n<meta property=\"og:description\" content=\"Discover our different products such as Flow Control Valves, Feed-and-Drain Valves, Latching Valves and COPV we develop in our company.\" \/>\n<meta property=\"og:url\" content=\"https:\/\/armor-arsenal.com\/fr\/products\/\" \/>\n<meta property=\"og:site_name\" content=\"Armor Arsenal\" \/>\n<meta property=\"article:modified_time\" content=\"2025-02-06T14:28:40+00:00\" \/>\n<meta property=\"og:image\" content=\"https:\/\/armor-arsenal.com\/wp-content\/uploads\/2025\/01\/pexels-spacex-60132-scaled.jpg\" \/>\n\t<meta property=\"og:image:width\" content=\"2560\" \/>\n\t<meta property=\"og:image:height\" content=\"1707\" \/>\n\t<meta property=\"og:image:type\" content=\"image\/jpeg\" \/>\n<meta name=\"twitter:card\" content=\"summary_large_image\" \/>\n<meta name=\"twitter:label1\" content=\"Dur\u00e9e de lecture estim\u00e9e\" \/>\n\t<meta name=\"twitter:data1\" content=\"2 minutes\" \/>\n<script type=\"application\/ld+json\" class=\"yoast-schema-graph\">{\"@context\":\"https:\/\/schema.org\",\"@graph\":[{\"@type\":\"WebPage\",\"@id\":\"https:\/\/armor-arsenal.com\/products\/\",\"url\":\"https:\/\/armor-arsenal.com\/products\/\",\"name\":\"Our Our Products - Armor Arsenal\",\"isPartOf\":{\"@id\":\"https:\/\/armor-arsenal.com\/#website\"},\"primaryImageOfPage\":{\"@id\":\"https:\/\/armor-arsenal.com\/products\/#primaryimage\"},\"image\":{\"@id\":\"https:\/\/armor-arsenal.com\/products\/#primaryimage\"},\"thumbnailUrl\":\"https:\/\/armor-arsenal.com\/wp-content\/uploads\/2025\/01\/pexels-spacex-60132-scaled.jpg\",\"datePublished\":\"2025-01-24T15:44:40+00:00\",\"dateModified\":\"2025-02-06T14:28:40+00:00\",\"description\":\"Discover our different products such as Flow Control Valves, Feed-and-Drain Valves, Latching Valves and COPV we develop in our company.\",\"breadcrumb\":{\"@id\":\"https:\/\/armor-arsenal.com\/products\/#breadcrumb\"},\"inLanguage\":\"fr-FR\",\"potentialAction\":[{\"@type\":\"ReadAction\",\"target\":[\"https:\/\/armor-arsenal.com\/products\/\"]}]},{\"@type\":\"ImageObject\",\"inLanguage\":\"fr-FR\",\"@id\":\"https:\/\/armor-arsenal.com\/products\/#primaryimage\",\"url\":\"https:\/\/armor-arsenal.com\/wp-content\/uploads\/2025\/01\/pexels-spacex-60132-scaled.jpg\",\"contentUrl\":\"https:\/\/armor-arsenal.com\/wp-content\/uploads\/2025\/01\/pexels-spacex-60132-scaled.jpg\"},{\"@type\":\"BreadcrumbList\",\"@id\":\"https:\/\/armor-arsenal.com\/products\/#breadcrumb\",\"itemListElement\":[{\"@type\":\"ListItem\",\"position\":1,\"name\":\"Accueil\",\"item\":\"https:\/\/armor-arsenal.com\/\"},{\"@type\":\"ListItem\",\"position\":2,\"name\":\"Our Products\"}]},{\"@type\":\"WebSite\",\"@id\":\"https:\/\/armor-arsenal.com\/#website\",\"url\":\"https:\/\/armor-arsenal.com\/\",\"name\":\"Armor Arsenal\",\"description\":\"New Space Systems\",\"publisher\":{\"@id\":\"https:\/\/armor-arsenal.com\/#organization\"},\"potentialAction\":[{\"@type\":\"SearchAction\",\"target\":{\"@type\":\"EntryPoint\",\"urlTemplate\":\"https:\/\/armor-arsenal.com\/?s={search_term_string}\"},\"query-input\":{\"@type\":\"PropertyValueSpecification\",\"valueRequired\":true,\"valueName\":\"search_term_string\"}}],\"inLanguage\":\"fr-FR\"},{\"@type\":\"Organization\",\"@id\":\"https:\/\/armor-arsenal.com\/#organization\",\"name\":\"Armor Arsenal\",\"url\":\"https:\/\/armor-arsenal.com\/\",\"logo\":{\"@type\":\"ImageObject\",\"inLanguage\":\"fr-FR\",\"@id\":\"https:\/\/armor-arsenal.com\/#\/schema\/logo\/image\/\",\"url\":\"\",\"contentUrl\":\"\",\"caption\":\"Armor Arsenal\"},\"image\":{\"@id\":\"https:\/\/armor-arsenal.com\/#\/schema\/logo\/image\/\"},\"sameAs\":[\"https:\/\/www.linkedin.com\/company\/armor-arsenal\/\"]}]}<\/script>\n<!-- \/ Yoast SEO plugin. -->","yoast_head_json":{"title":"Our Our Products - Armor Arsenal","description":"Discover our different products such as Flow Control Valves, Feed-and-Drain Valves, Latching Valves and COPV we develop in our company.","robots":{"index":"index","follow":"follow","max-snippet":"max-snippet:-1","max-image-preview":"max-image-preview:large","max-video-preview":"max-video-preview:-1"},"canonical":"https:\/\/armor-arsenal.com\/fr\/products\/","og_locale":"fr_FR","og_type":"article","og_title":"Our Our Products - Armor Arsenal","og_description":"Discover our different products such as Flow Control Valves, Feed-and-Drain Valves, Latching Valves and COPV we develop in our company.","og_url":"https:\/\/armor-arsenal.com\/fr\/products\/","og_site_name":"Armor Arsenal","article_modified_time":"2025-02-06T14:28:40+00:00","og_image":[{"width":2560,"height":1707,"url":"https:\/\/armor-arsenal.com\/wp-content\/uploads\/2025\/01\/pexels-spacex-60132-scaled.jpg","type":"image\/jpeg"}],"twitter_card":"summary_large_image","twitter_misc":{"Dur\u00e9e de lecture estim\u00e9e":"2 minutes"},"schema":{"@context":"https:\/\/schema.org","@graph":[{"@type":"WebPage","@id":"https:\/\/armor-arsenal.com\/products\/","url":"https:\/\/armor-arsenal.com\/products\/","name":"Our Our Products - Armor Arsenal","isPartOf":{"@id":"https:\/\/armor-arsenal.com\/#website"},"primaryImageOfPage":{"@id":"https:\/\/armor-arsenal.com\/products\/#primaryimage"},"image":{"@id":"https:\/\/armor-arsenal.com\/products\/#primaryimage"},"thumbnailUrl":"https:\/\/armor-arsenal.com\/wp-content\/uploads\/2025\/01\/pexels-spacex-60132-scaled.jpg","datePublished":"2025-01-24T15:44:40+00:00","dateModified":"2025-02-06T14:28:40+00:00","description":"Discover our different products such as Flow Control Valves, Feed-and-Drain Valves, Latching Valves and COPV we develop in our company.","breadcrumb":{"@id":"https:\/\/armor-arsenal.com\/products\/#breadcrumb"},"inLanguage":"fr-FR","potentialAction":[{"@type":"ReadAction","target":["https:\/\/armor-arsenal.com\/products\/"]}]},{"@type":"ImageObject","inLanguage":"fr-FR","@id":"https:\/\/armor-arsenal.com\/products\/#primaryimage","url":"https:\/\/armor-arsenal.com\/wp-content\/uploads\/2025\/01\/pexels-spacex-60132-scaled.jpg","contentUrl":"https:\/\/armor-arsenal.com\/wp-content\/uploads\/2025\/01\/pexels-spacex-60132-scaled.jpg"},{"@type":"BreadcrumbList","@id":"https:\/\/armor-arsenal.com\/products\/#breadcrumb","itemListElement":[{"@type":"ListItem","position":1,"name":"Accueil","item":"https:\/\/armor-arsenal.com\/"},{"@type":"ListItem","position":2,"name":"Our Products"}]},{"@type":"WebSite","@id":"https:\/\/armor-arsenal.com\/#website","url":"https:\/\/armor-arsenal.com\/","name":"Armor Arsenal","description":"New Space Systems","publisher":{"@id":"https:\/\/armor-arsenal.com\/#organization"},"potentialAction":[{"@type":"SearchAction","target":{"@type":"EntryPoint","urlTemplate":"https:\/\/armor-arsenal.com\/?s={search_term_string}"},"query-input":{"@type":"PropertyValueSpecification","valueRequired":true,"valueName":"search_term_string"}}],"inLanguage":"fr-FR"},{"@type":"Organization","@id":"https:\/\/armor-arsenal.com\/#organization","name":"Armor Arsenal","url":"https:\/\/armor-arsenal.com\/","logo":{"@type":"ImageObject","inLanguage":"fr-FR","@id":"https:\/\/armor-arsenal.com\/#\/schema\/logo\/image\/","url":"","contentUrl":"","caption":"Armor Arsenal"},"image":{"@id":"https:\/\/armor-arsenal.com\/#\/schema\/logo\/image\/"},"sameAs":["https:\/\/www.linkedin.com\/company\/armor-arsenal\/"]}]}},"_links":{"self":[{"href":"https:\/\/armor-arsenal.com\/fr\/wp-json\/wp\/v2\/pages\/356","targetHints":{"allow":["GET"]}}],"collection":[{"href":"https:\/\/armor-arsenal.com\/fr\/wp-json\/wp\/v2\/pages"}],"about":[{"href":"https:\/\/armor-arsenal.com\/fr\/wp-json\/wp\/v2\/types\/page"}],"author":[{"embeddable":true,"href":"https:\/\/armor-arsenal.com\/fr\/wp-json\/wp\/v2\/users\/3"}],"replies":[{"embeddable":true,"href":"https:\/\/armor-arsenal.com\/fr\/wp-json\/wp\/v2\/comments?post=356"}],"version-history":[{"count":74,"href":"https:\/\/armor-arsenal.com\/fr\/wp-json\/wp\/v2\/pages\/356\/revisions"}],"predecessor-version":[{"id":1073,"href":"https:\/\/armor-arsenal.com\/fr\/wp-json\/wp\/v2\/pages\/356\/revisions\/1073"}],"wp:attachment":[{"href":"https:\/\/armor-arsenal.com\/fr\/wp-json\/wp\/v2\/media?parent=356"}],"curies":[{"name":"wp","href":"https:\/\/api.w.org\/{rel}","templated":true}]}}