{"id":350,"date":"2025-01-24T16:44:44","date_gmt":"2025-01-24T15:44:44","guid":{"rendered":"https:\/\/armor-arsenal.com\/?page_id=350"},"modified":"2025-02-03T10:41:08","modified_gmt":"2025-02-03T09:41:08","slug":"about","status":"publish","type":"page","link":"https:\/\/armor-arsenal.com\/fr\/about\/","title":{"rendered":"A propos"},"content":{"rendered":"<div class=\"wp-block-cover alignfull\" style=\"margin-top:0;margin-bottom:0;padding-bottom:20vh;min-height:562px;aspect-ratio:unset;\"><span aria-hidden=\"true\" class=\"wp-block-cover__background has-background-dim-40 has-background-dim\" style=\"background-color:#3f4a49\"><\/span><img decoding=\"async\" class=\"wp-block-cover__image-background wp-image-2531\" alt=\"\" src=\"https:\/\/images.unsplash.com\/photo-1446776811953-b23d57bd21aa?ixid=M3w1NjExMzd8MHwxfHNlYXJjaHwxOXx8YWVyb3NwYWNlfGVufDB8fHx8MTczNzM2MjE2N3ww&amp;ixlib=rb-4.0.3&amp;fm=webp&amp;w=2560\" style=\"object-position:54% 35%\" data-object-fit=\"cover\" data-object-position=\"54% 35%\"\/><div class=\"wp-block-cover__inner-container is-layout-constrained wp-container-core-cover-is-layout-1 wp-block-cover-is-layout-constrained\">\n<div class=\"wp-block-columns is-layout-flex wp-container-core-columns-is-layout-1 wp-block-columns-is-layout-flex\">\n<div class=\"wp-block-column is-layout-flow wp-block-column-is-layout-flow\">\n<h2 class=\"wp-block-heading alignwide has-text-align-center has-text-color\" style=\"color:#ffffff;margin-top:116px;margin-bottom:0px;font-size:clamp(29.768px, 1.861rem + ((1vw - 3.2px) * 1.737), 52px);font-style:normal;font-weight:400;line-height:1.2\"><strong>Armor Arsenal : Votre Partenaire en Innovations A\u00e9rospatiales !<\/strong><\/h2>\n<\/div>\n<\/div>\n<\/div><\/div>\n\n\n\n<hr class=\"wp-block-separator has-alpha-channel-opacity\"\/>\n\n\n\n<hr class=\"wp-block-separator has-alpha-channel-opacity\"\/>\n\n\n\n<div class=\"wp-block-cover alignfull is-light\" style=\"margin-top:0;margin-bottom:0;padding-top:0;padding-bottom:0;min-height:1436px;aspect-ratio:unset;\"><span aria-hidden=\"true\" class=\"wp-block-cover__background has-base-background-color has-background-dim-0 has-background-dim\"><\/span><div class=\"wp-block-cover__inner-container is-layout-constrained wp-container-core-cover-is-layout-2 wp-block-cover-is-layout-constrained\">\n<div class=\"wp-block-columns is-layout-flex wp-container-core-columns-is-layout-2 wp-block-columns-is-layout-flex\" style=\"margin-top:120px;margin-bottom:76px\">\n<div class=\"wp-block-column is-vertically-aligned-center is-layout-flow wp-block-column-is-layout-flow\">\n<h2 class=\"wp-block-heading has-text-color\" style=\"color:#000000;margin-bottom:40px;font-size:clamp(24.034px, 1.502rem + ((1vw - 3.2px) * 1.247), 40px);line-height:1.2\"><strong>Notre Mission : D\u00e9velopper des Solutions A\u00e9rospatiales<\/strong><\/h2>\n\n\n\n<p class=\"has-text-color has-link-color wp-elements-23f983c123ba2e89507baac36ef0fa55\" style=\"color:#000000;font-size:clamp(14px, 0.875rem + ((1vw - 3.2px) * 0.313), 18px);line-height:1.5\">Localis\u00e9 \u00e0 Lannion en Bretagne, France, notre entreprise est sp\u00e9cialis\u00e9e dans la conception et la mise en \u0153uvre d'\u00e9quipements de contr\u00f4le des fluides pour les applications Espace et D\u00e9fense.<\/p>\n\n\n\n<p class=\"has-text-color has-link-color wp-elements-66267c6fa487c707df6fa2dcd6285192\" style=\"color:#000000;font-size:clamp(14px, 0.875rem + ((1vw - 3.2px) * 0.313), 18px);line-height:1.5\">Depuis notre arriv\u00e9e en Mars 2022, nous nous concentrons sur la qualit\u00e9, l'innovation et la fiabilit\u00e9 de nos produits.<\/p>\n\n\n\n<p class=\"has-text-color has-link-color wp-elements-db52949986cffc60a0338d75eefbdf0f\" style=\"color:#000000;font-size:clamp(14px, 0.875rem + ((1vw - 3.2px) * 0.313), 18px);line-height:1.5\">Ensemble, d\u00e9veloppons l'avenir de l'a\u00e9rospatial avec confiance et expertise.<\/p>\n<\/div>\n\n\n\n<div class=\"wp-block-column is-layout-flow wp-block-column-is-layout-flow\">\n<figure class=\"wp-block-image size-full is-resized\"><img decoding=\"async\" src=\"https:\/\/images.unsplash.com\/photo-1581089786257-d34fe7d9bff6?ixid=M3w1NjExMzd8MHwxfHNlYXJjaHwyMjF8fGFlcm9zcGFjZXxlbnwwfHx8fDE3MzczNjI5MjJ8MA&amp;ixlib=rb-4.0.3&amp;fm=webp&amp;w=1024&amp;h=682&amp;fit=crop\" alt=\"\" class=\"wp-image-1699\" style=\"aspect-ratio:0.75;object-fit:cover;width:488px;height:auto\"\/><\/figure>\n<\/div>\n<\/div>\n\n\n\n<hr class=\"wp-block-separator has-alpha-channel-opacity\"\/>\n\n\n\n<div class=\"wp-block-columns is-layout-flex wp-container-core-columns-is-layout-3 wp-block-columns-is-layout-flex\" style=\"margin-top:0px;margin-bottom:120px\">\n<div class=\"wp-block-column is-layout-flow wp-block-column-is-layout-flow\">\n<figure class=\"wp-block-image size-full is-resized\"><img fetchpriority=\"high\" decoding=\"async\" width=\"1044\" height=\"701\" src=\"https:\/\/armor-arsenal.com\/wp-content\/uploads\/2025\/01\/photo-de-lequipe.png\" alt=\"\" class=\"wp-image-339\" style=\"aspect-ratio:1.3333333333333333;object-fit:cover;width:687px;height:auto\" srcset=\"https:\/\/armor-arsenal.com\/wp-content\/uploads\/2025\/01\/photo-de-lequipe.png 1044w, https:\/\/armor-arsenal.com\/wp-content\/uploads\/2025\/01\/photo-de-lequipe-300x201.png 300w, https:\/\/armor-arsenal.com\/wp-content\/uploads\/2025\/01\/photo-de-lequipe-1024x688.png 1024w, https:\/\/armor-arsenal.com\/wp-content\/uploads\/2025\/01\/photo-de-lequipe-768x516.png 768w\" sizes=\"(max-width: 1044px) 100vw, 1044px\" \/><\/figure>\n<\/div>\n\n\n\n<div class=\"wp-block-column is-vertically-aligned-center is-layout-flow wp-block-column-is-layout-flow\">\n<h2 class=\"wp-block-heading has-text-color\" style=\"color:#000000;margin-bottom:40px;font-size:clamp(24.034px, 1.502rem + ((1vw - 3.2px) * 1.247), 40px);line-height:1.2\"><strong>Notre \u00e9quipe<\/strong><\/h2>\n\n\n\n<p class=\"has-text-color\" style=\"color:#000000;margin-bottom:96px;font-size:clamp(14px, 0.875rem + ((1vw - 3.2px) * 0.313), 18px);line-height:1.5\">Notre \u00e9quipe regroupe des ing\u00e9nieurs polyvalents gr\u00e2ce \u00e0 leurs exp\u00e9riences professionnelles dans certains domaines tels que le l'ing\u00e9nierie spatiale, les op\u00e9rations de lancement, les syst\u00e8mes de d\u00e9veloppement de photoniques, design de command&amp;control et op\u00e9rations...<\/p>\n\n\n\n<p style=\"font-size:clamp(14px, 0.875rem + ((1vw - 3.2px) * 0.313), 18px);\">Encore \u00e0 nos d\u00e9buts, nous sommes fiers d'avoir contribu\u00e9 \u00e0 de remarquables projets dans l'industrie a\u00e9rospatiale.<\/p>\n<\/div>\n<\/div>\n<\/div><\/div>\n\n\n\n<hr class=\"wp-block-separator has-alpha-channel-opacity\"\/>\n\n\n\n<hr class=\"wp-block-separator has-alpha-channel-opacity\"\/>\n\n\n\n<p class=\"has-black-color has-text-color has-link-color has-medium-font-size wp-elements-07e6749464450abef563deacf6d334a8\">Nous sommes reconnaissant du soutien de :<\/p>\n\n\n\n<div class=\"wp-block-group alignfull has-background is-content-justification-center is-layout-constrained wp-container-core-group-is-layout-1 wp-block-group-is-layout-constrained\" style=\"background-color:#f4f4f4;margin-top:0px;margin-bottom:0px;padding-top:50px;padding-right:65px;padding-bottom:50px;padding-left:65px\">\n<div class=\"wp-block-columns alignwide is-layout-flex wp-container-core-columns-is-layout-4 wp-block-columns-is-layout-flex\" style=\"padding-right:2rem;padding-left:2rem\">\n<div class=\"wp-block-column is-layout-flow wp-container-core-column-is-layout-6 wp-block-column-is-layout-flow\">\n<figure class=\"wp-block-image aligncenter size-full is-resized\"><img decoding=\"async\" width=\"175\" height=\"176\" src=\"https:\/\/armor-arsenal.com\/wp-content\/uploads\/2022\/03\/region-bretagne-1.png\" alt=\"\" class=\"wp-image-236\" style=\"width:227px;height:auto\" srcset=\"https:\/\/armor-arsenal.com\/wp-content\/uploads\/2022\/03\/region-bretagne-1.png 175w, https:\/\/armor-arsenal.com\/wp-content\/uploads\/2022\/03\/region-bretagne-1-150x150.png 150w\" sizes=\"(max-width: 175px) 100vw, 175px\" \/><\/figure>\n<\/div>\n\n\n\n<div class=\"wp-block-column is-vertically-aligned-center is-layout-flow wp-container-core-column-is-layout-7 wp-block-column-is-layout-flow\">\n<figure class=\"wp-block-image aligncenter size-full is-resized\"><img decoding=\"async\" width=\"472\" height=\"109\" src=\"https:\/\/armor-arsenal.com\/wp-content\/uploads\/2022\/03\/emergys.png\" alt=\"\" class=\"wp-image-237\" style=\"width:316px;height:auto\" srcset=\"https:\/\/armor-arsenal.com\/wp-content\/uploads\/2022\/03\/emergys.png 472w, https:\/\/armor-arsenal.com\/wp-content\/uploads\/2022\/03\/emergys-300x69.png 300w\" sizes=\"(max-width: 472px) 100vw, 472px\" \/><\/figure>\n<\/div>\n\n\n\n<div class=\"wp-block-column is-vertically-aligned-center is-layout-flow wp-container-core-column-is-layout-8 wp-block-column-is-layout-flow\">\n<figure class=\"wp-block-image aligncenter size-full is-resized\"><img loading=\"lazy\" decoding=\"async\" width=\"595\" height=\"842\" src=\"https:\/\/armor-arsenal.com\/wp-content\/uploads\/2022\/06\/ESA_BIC_Nord_France_Logo.png\" alt=\"\" class=\"wp-image-247\" style=\"width:163px;height:auto\" srcset=\"https:\/\/armor-arsenal.com\/wp-content\/uploads\/2022\/06\/ESA_BIC_Nord_France_Logo.png 595w, https:\/\/armor-arsenal.com\/wp-content\/uploads\/2022\/06\/ESA_BIC_Nord_France_Logo-212x300.png 212w\" sizes=\"(max-width: 595px) 100vw, 595px\" \/><\/figure>\n<\/div>\n<\/div>\n<\/div>\n\n\n\n<hr class=\"wp-block-separator has-alpha-channel-opacity\"\/>\n\n\n\n<hr class=\"wp-block-separator has-alpha-channel-opacity\"\/>\n\n\n\n<div class=\"wp-block-cover alignfull\" style=\"margin-top:0;margin-bottom:0;padding-top:120px;padding-bottom:120px;min-height:456px;aspect-ratio:unset;\"><span aria-hidden=\"true\" class=\"wp-block-cover__background has-background-dim-100 has-background-dim\" style=\"background-color:#384454\"><\/span><div class=\"wp-block-cover__inner-container is-layout-constrained wp-container-core-cover-is-layout-3 wp-block-cover-is-layout-constrained\">\n<h2 class=\"wp-block-heading has-text-align-center has-text-color\" style=\"color:#ffffff;padding-top:0px;padding-bottom:30px;font-size:clamp(29.768px, 1.861rem + ((1vw - 3.2px) * 1.737), 52px);font-style:normal;font-weight:400;line-height:1.4\">Contactez-nous Aujourd'hui !<\/h2>\n\n\n\n<div class=\"wp-block-buttons is-content-justification-center is-layout-flex wp-container-core-buttons-is-layout-1 wp-block-buttons-is-layout-flex\">\n<div class=\"wp-block-button has-custom-font-size is-style-fill\" style=\"font-size:clamp(14px, 0.875rem + ((1vw - 3.2px) * 0.469), 20px);font-style:normal;font-weight:500\"><a class=\"wp-block-button__link has-text-color has-background wp-element-button\" href=\"https:\/\/armor-arsenal.com\/fr\/contact\/\" style=\"border-style:none;border-width:0px;border-radius:0px;color:#ffffff;background-color:#4b9bc3;padding-top:24px;padding-right:71px;padding-bottom:24px;padding-left:71px\">Contact<\/a><\/div>\n<\/div>\n<\/div><\/div>\n\n\n\n<p><\/p>","protected":false},"excerpt":{"rendered":"<p>Nous sommes reconnaissant du soutien de :<\/p>","protected":false},"author":3,"featured_media":0,"parent":0,"menu_order":2,"comment_status":"closed","ping_status":"closed","template":"","meta":{"footnotes":""},"class_list":["post-350","page","type-page","status-publish","hentry"],"blocksy_meta":{"styles_descriptor":{"styles":{"desktop":"","tablet":"","mobile":""},"google_fonts":[],"version":6}},"yoast_head":"<!-- This site is optimized with the Yoast SEO plugin v26.8 - https:\/\/yoast.com\/product\/yoast-seo-wordpress\/ -->\n<title>About Us Us - Armor Arsenal<\/title>\n<meta name=\"description\" content=\"Our company is still young and afford mutilple innovative custom-made products. Based in Lannion, in Brittany, France, we develop and design products such as...\" \/>\n<meta name=\"robots\" content=\"index, follow, max-snippet:-1, max-image-preview:large, max-video-preview:-1\" \/>\n<link rel=\"canonical\" href=\"https:\/\/armor-arsenal.com\/fr\/about\/\" \/>\n<meta property=\"og:locale\" content=\"fr_FR\" \/>\n<meta property=\"og:type\" content=\"article\" \/>\n<meta property=\"og:title\" content=\"About Us Us - Armor Arsenal\" \/>\n<meta property=\"og:description\" content=\"Our company is still young and afford mutilple innovative custom-made products. Based in Lannion, in Brittany, France, we develop and design products such as...\" \/>\n<meta property=\"og:url\" content=\"https:\/\/armor-arsenal.com\/fr\/about\/\" \/>\n<meta property=\"og:site_name\" content=\"Armor Arsenal\" \/>\n<meta property=\"article:modified_time\" content=\"2025-02-03T09:41:08+00:00\" \/>\n<meta property=\"og:image\" content=\"https:\/\/armor-arsenal.com\/wp-content\/uploads\/2025\/01\/Image-de-presentation.png\" \/>\n\t<meta property=\"og:image:width\" content=\"1920\" \/>\n\t<meta property=\"og:image:height\" content=\"1080\" \/>\n\t<meta property=\"og:image:type\" content=\"image\/png\" \/>\n<meta name=\"twitter:card\" content=\"summary_large_image\" \/>\n<meta name=\"twitter:label1\" content=\"Dur\u00e9e de lecture estim\u00e9e\" \/>\n\t<meta name=\"twitter:data1\" content=\"2 minutes\" \/>\n<script type=\"application\/ld+json\" class=\"yoast-schema-graph\">{\"@context\":\"https:\/\/schema.org\",\"@graph\":[{\"@type\":\"WebPage\",\"@id\":\"https:\/\/armor-arsenal.com\/about\/\",\"url\":\"https:\/\/armor-arsenal.com\/about\/\",\"name\":\"About Us Us - Armor Arsenal\",\"isPartOf\":{\"@id\":\"https:\/\/armor-arsenal.com\/#website\"},\"primaryImageOfPage\":{\"@id\":\"https:\/\/armor-arsenal.com\/about\/#primaryimage\"},\"image\":{\"@id\":\"https:\/\/armor-arsenal.com\/about\/#primaryimage\"},\"thumbnailUrl\":\"https:\/\/images.unsplash.com\/photo-1446776811953-b23d57bd21aa?ixid=M3w1NjExMzd8MHwxfHNlYXJjaHwxOXx8YWVyb3NwYWNlfGVufDB8fHx8MTczNzM2MjE2N3ww&amp;ixlib=rb-4.0.3&amp;fm=webp&amp;w=2560\",\"datePublished\":\"2025-01-24T15:44:44+00:00\",\"dateModified\":\"2025-02-03T09:41:08+00:00\",\"description\":\"Our company is still young and afford mutilple innovative custom-made products. Based in Lannion, in Brittany, France, we develop and design products such as...\",\"breadcrumb\":{\"@id\":\"https:\/\/armor-arsenal.com\/about\/#breadcrumb\"},\"inLanguage\":\"fr-FR\",\"potentialAction\":[{\"@type\":\"ReadAction\",\"target\":[\"https:\/\/armor-arsenal.com\/about\/\"]}]},{\"@type\":\"ImageObject\",\"inLanguage\":\"fr-FR\",\"@id\":\"https:\/\/armor-arsenal.com\/about\/#primaryimage\",\"url\":\"https:\/\/images.unsplash.com\/photo-1446776811953-b23d57bd21aa?ixid=M3w1NjExMzd8MHwxfHNlYXJjaHwxOXx8YWVyb3NwYWNlfGVufDB8fHx8MTczNzM2MjE2N3ww&amp;ixlib=rb-4.0.3&amp;fm=webp&amp;w=2560\",\"contentUrl\":\"https:\/\/images.unsplash.com\/photo-1446776811953-b23d57bd21aa?ixid=M3w1NjExMzd8MHwxfHNlYXJjaHwxOXx8YWVyb3NwYWNlfGVufDB8fHx8MTczNzM2MjE2N3ww&amp;ixlib=rb-4.0.3&amp;fm=webp&amp;w=2560\"},{\"@type\":\"BreadcrumbList\",\"@id\":\"https:\/\/armor-arsenal.com\/about\/#breadcrumb\",\"itemListElement\":[{\"@type\":\"ListItem\",\"position\":1,\"name\":\"Accueil\",\"item\":\"https:\/\/armor-arsenal.com\/\"},{\"@type\":\"ListItem\",\"position\":2,\"name\":\"About Us\"}]},{\"@type\":\"WebSite\",\"@id\":\"https:\/\/armor-arsenal.com\/#website\",\"url\":\"https:\/\/armor-arsenal.com\/\",\"name\":\"Armor Arsenal\",\"description\":\"New Space Systems\",\"publisher\":{\"@id\":\"https:\/\/armor-arsenal.com\/#organization\"},\"potentialAction\":[{\"@type\":\"SearchAction\",\"target\":{\"@type\":\"EntryPoint\",\"urlTemplate\":\"https:\/\/armor-arsenal.com\/?s={search_term_string}\"},\"query-input\":{\"@type\":\"PropertyValueSpecification\",\"valueRequired\":true,\"valueName\":\"search_term_string\"}}],\"inLanguage\":\"fr-FR\"},{\"@type\":\"Organization\",\"@id\":\"https:\/\/armor-arsenal.com\/#organization\",\"name\":\"Armor Arsenal\",\"url\":\"https:\/\/armor-arsenal.com\/\",\"logo\":{\"@type\":\"ImageObject\",\"inLanguage\":\"fr-FR\",\"@id\":\"https:\/\/armor-arsenal.com\/#\/schema\/logo\/image\/\",\"url\":\"\",\"contentUrl\":\"\",\"caption\":\"Armor Arsenal\"},\"image\":{\"@id\":\"https:\/\/armor-arsenal.com\/#\/schema\/logo\/image\/\"},\"sameAs\":[\"https:\/\/www.linkedin.com\/company\/armor-arsenal\/\"]}]}<\/script>\n<!-- \/ Yoast SEO plugin. -->","yoast_head_json":{"title":"About Us Us - Armor Arsenal","description":"Our company is still young and afford mutilple innovative custom-made products. Based in Lannion, in Brittany, France, we develop and design products such as...","robots":{"index":"index","follow":"follow","max-snippet":"max-snippet:-1","max-image-preview":"max-image-preview:large","max-video-preview":"max-video-preview:-1"},"canonical":"https:\/\/armor-arsenal.com\/fr\/about\/","og_locale":"fr_FR","og_type":"article","og_title":"About Us Us - Armor Arsenal","og_description":"Our company is still young and afford mutilple innovative custom-made products. Based in Lannion, in Brittany, France, we develop and design products such as...","og_url":"https:\/\/armor-arsenal.com\/fr\/about\/","og_site_name":"Armor Arsenal","article_modified_time":"2025-02-03T09:41:08+00:00","og_image":[{"width":1920,"height":1080,"url":"https:\/\/armor-arsenal.com\/wp-content\/uploads\/2025\/01\/Image-de-presentation.png","type":"image\/png"}],"twitter_card":"summary_large_image","twitter_misc":{"Dur\u00e9e de lecture estim\u00e9e":"2 minutes"},"schema":{"@context":"https:\/\/schema.org","@graph":[{"@type":"WebPage","@id":"https:\/\/armor-arsenal.com\/about\/","url":"https:\/\/armor-arsenal.com\/about\/","name":"About Us Us - Armor Arsenal","isPartOf":{"@id":"https:\/\/armor-arsenal.com\/#website"},"primaryImageOfPage":{"@id":"https:\/\/armor-arsenal.com\/about\/#primaryimage"},"image":{"@id":"https:\/\/armor-arsenal.com\/about\/#primaryimage"},"thumbnailUrl":"https:\/\/images.unsplash.com\/photo-1446776811953-b23d57bd21aa?ixid=M3w1NjExMzd8MHwxfHNlYXJjaHwxOXx8YWVyb3NwYWNlfGVufDB8fHx8MTczNzM2MjE2N3ww&amp;ixlib=rb-4.0.3&amp;fm=webp&amp;w=2560","datePublished":"2025-01-24T15:44:44+00:00","dateModified":"2025-02-03T09:41:08+00:00","description":"Our company is still young and afford mutilple innovative custom-made products. Based in Lannion, in Brittany, France, we develop and design products such as...","breadcrumb":{"@id":"https:\/\/armor-arsenal.com\/about\/#breadcrumb"},"inLanguage":"fr-FR","potentialAction":[{"@type":"ReadAction","target":["https:\/\/armor-arsenal.com\/about\/"]}]},{"@type":"ImageObject","inLanguage":"fr-FR","@id":"https:\/\/armor-arsenal.com\/about\/#primaryimage","url":"https:\/\/images.unsplash.com\/photo-1446776811953-b23d57bd21aa?ixid=M3w1NjExMzd8MHwxfHNlYXJjaHwxOXx8YWVyb3NwYWNlfGVufDB8fHx8MTczNzM2MjE2N3ww&amp;ixlib=rb-4.0.3&amp;fm=webp&amp;w=2560","contentUrl":"https:\/\/images.unsplash.com\/photo-1446776811953-b23d57bd21aa?ixid=M3w1NjExMzd8MHwxfHNlYXJjaHwxOXx8YWVyb3NwYWNlfGVufDB8fHx8MTczNzM2MjE2N3ww&amp;ixlib=rb-4.0.3&amp;fm=webp&amp;w=2560"},{"@type":"BreadcrumbList","@id":"https:\/\/armor-arsenal.com\/about\/#breadcrumb","itemListElement":[{"@type":"ListItem","position":1,"name":"Accueil","item":"https:\/\/armor-arsenal.com\/"},{"@type":"ListItem","position":2,"name":"About Us"}]},{"@type":"WebSite","@id":"https:\/\/armor-arsenal.com\/#website","url":"https:\/\/armor-arsenal.com\/","name":"Armor Arsenal","description":"New Space Systems","publisher":{"@id":"https:\/\/armor-arsenal.com\/#organization"},"potentialAction":[{"@type":"SearchAction","target":{"@type":"EntryPoint","urlTemplate":"https:\/\/armor-arsenal.com\/?s={search_term_string}"},"query-input":{"@type":"PropertyValueSpecification","valueRequired":true,"valueName":"search_term_string"}}],"inLanguage":"fr-FR"},{"@type":"Organization","@id":"https:\/\/armor-arsenal.com\/#organization","name":"Armor Arsenal","url":"https:\/\/armor-arsenal.com\/","logo":{"@type":"ImageObject","inLanguage":"fr-FR","@id":"https:\/\/armor-arsenal.com\/#\/schema\/logo\/image\/","url":"","contentUrl":"","caption":"Armor Arsenal"},"image":{"@id":"https:\/\/armor-arsenal.com\/#\/schema\/logo\/image\/"},"sameAs":["https:\/\/www.linkedin.com\/company\/armor-arsenal\/"]}]}},"_links":{"self":[{"href":"https:\/\/armor-arsenal.com\/fr\/wp-json\/wp\/v2\/pages\/350","targetHints":{"allow":["GET"]}}],"collection":[{"href":"https:\/\/armor-arsenal.com\/fr\/wp-json\/wp\/v2\/pages"}],"about":[{"href":"https:\/\/armor-arsenal.com\/fr\/wp-json\/wp\/v2\/types\/page"}],"author":[{"embeddable":true,"href":"https:\/\/armor-arsenal.com\/fr\/wp-json\/wp\/v2\/users\/3"}],"replies":[{"embeddable":true,"href":"https:\/\/armor-arsenal.com\/fr\/wp-json\/wp\/v2\/comments?post=350"}],"version-history":[{"count":52,"href":"https:\/\/armor-arsenal.com\/fr\/wp-json\/wp\/v2\/pages\/350\/revisions"}],"predecessor-version":[{"id":1043,"href":"https:\/\/armor-arsenal.com\/fr\/wp-json\/wp\/v2\/pages\/350\/revisions\/1043"}],"wp:attachment":[{"href":"https:\/\/armor-arsenal.com\/fr\/wp-json\/wp\/v2\/media?parent=350"}],"curies":[{"name":"wp","href":"https:\/\/api.w.org\/{rel}","templated":true}]}}