{"id":338,"date":"2025-01-24T16:44:01","date_gmt":"2025-01-24T15:44:01","guid":{"rendered":"https:\/\/armor-arsenal.com\/?page_id=338"},"modified":"2025-07-21T12:52:42","modified_gmt":"2025-07-21T10:52:42","slug":"home","status":"publish","type":"page","link":"https:\/\/armor-arsenal.com\/fr\/","title":{"rendered":"Accueil"},"content":{"rendered":"<div class=\"wp-block-cover alignfull\" style=\"margin-top:0;margin-bottom:0;padding-bottom:20vh;min-height:562px;aspect-ratio:unset;\"><span aria-hidden=\"true\" class=\"wp-block-cover__background has-background-dim-10 has-background-dim\" style=\"background-color:#587cff\"><\/span><img fetchpriority=\"high\" decoding=\"async\" width=\"1120\" height=\"619\" class=\"wp-block-cover__image-background wp-image-468\" alt=\"\" src=\"https:\/\/armor-arsenal.com\/wp-content\/uploads\/2025\/01\/Capture-decran-2025-01-14-134757.png\" style=\"object-position:50% 69%\" data-object-fit=\"cover\" data-object-position=\"50% 69%\" srcset=\"https:\/\/armor-arsenal.com\/wp-content\/uploads\/2025\/01\/Capture-decran-2025-01-14-134757.png 1120w, https:\/\/armor-arsenal.com\/wp-content\/uploads\/2025\/01\/Capture-decran-2025-01-14-134757-300x166.png 300w, https:\/\/armor-arsenal.com\/wp-content\/uploads\/2025\/01\/Capture-decran-2025-01-14-134757-1024x566.png 1024w, https:\/\/armor-arsenal.com\/wp-content\/uploads\/2025\/01\/Capture-decran-2025-01-14-134757-768x424.png 768w\" sizes=\"(max-width: 1120px) 100vw, 1120px\" \/><div class=\"wp-block-cover__inner-container is-layout-constrained wp-container-core-cover-is-layout-1 wp-block-cover-is-layout-constrained\">\n<hr class=\"wp-block-separator has-text-color has-alpha-channel-opacity has-background\" style=\"background-color:#ffffff00;color:#ffffff00\"\/>\n\n\n\n<p class=\"has-text-align-left\" style=\"font-size:clamp(17.905px, 1.119rem + ((1vw - 3.2px) * 0.789), 28px);\"><strong>Armor Arsenal est un bureau d'\u00e9tudes sp\u00e9cialis\u00e9 dans la conception et la mise en \u0153uvre des \u00e9quipements de contr\u00f4le des fluides pour les applications Espace et D\u00e9fense.<\/strong><\/p>\n<\/div><\/div>\n\n\n\n<div class=\"wp-block-cover alignfull is-light\" style=\"margin-top:0;margin-bottom:0;padding-top:80px;padding-bottom:50px\"><span aria-hidden=\"true\" class=\"wp-block-cover__background has-white-background-color has-background-dim-100 has-background-dim\"><\/span><div class=\"wp-block-cover__inner-container is-layout-constrained wp-container-core-cover-is-layout-2 wp-block-cover-is-layout-constrained\">\n<div class=\"wp-block-columns is-layout-flex wp-container-core-columns-is-layout-1 wp-block-columns-is-layout-flex\" style=\"margin-top:0px\">\n<div class=\"wp-block-column is-layout-flow wp-container-core-column-is-layout-1 wp-block-column-is-layout-flow\" style=\"padding-right:20px\">\n<h2 class=\"wp-block-heading has-text-align-left has-text-color\" style=\"color:#000000;font-size:clamp(33.419px, 2.089rem + ((1vw - 3.2px) * 2.077), 60px);font-style:normal;font-weight:400;line-height:1.5\">1.<\/h2>\n\n\n\n<h3 class=\"wp-block-heading has-text-align-left has-text-color\" style=\"color:#000000;font-size:clamp(14.642px, 0.915rem + ((1vw - 3.2px) * 0.575), 22px);font-style:normal;font-weight:500;line-height:1.5\">Expertise<\/h3>\n\n\n\n<p>Nous fournissons des solutions fiables et adapt\u00e9es \u00e0 vos besoins.<\/p>\n<\/div>\n\n\n\n<div class=\"wp-block-column is-layout-flow wp-container-core-column-is-layout-2 wp-block-column-is-layout-flow\">\n<h2 class=\"wp-block-heading has-text-align-left has-text-color\" style=\"color:#000000;font-size:clamp(33.419px, 2.089rem + ((1vw - 3.2px) * 2.077), 60px);font-style:normal;font-weight:400;line-height:1.5\">2.<\/h2>\n\n\n\n<h3 class=\"wp-block-heading has-text-align-left has-text-color\" style=\"color:#000000;font-size:clamp(14.642px, 0.915rem + ((1vw - 3.2px) * 0.575), 22px);font-style:normal;font-weight:500;line-height:1.5\">Satisfaction Client<\/h3>\n\n\n\n<p class=\"has-text-align-left\">Votre satisfaction est notre priorit\u00e9.<\/p>\n<\/div>\n\n\n\n<div class=\"wp-block-column is-layout-flow wp-container-core-column-is-layout-3 wp-block-column-is-layout-flow\">\n<h2 class=\"wp-block-heading has-text-align-left has-text-color\" style=\"color:#000000;font-size:clamp(33.419px, 2.089rem + ((1vw - 3.2px) * 2.077), 60px);font-style:normal;font-weight:400;line-height:1.5\">3.<\/h2>\n\n\n\n<h3 class=\"wp-block-heading has-text-align-left has-text-color\" style=\"color:#000000;font-size:clamp(14.642px, 0.915rem + ((1vw - 3.2px) * 0.575), 22px);font-style:normal;font-weight:500;line-height:1.5\">Service Client<\/h3>\n\n\n\n<p>Notre \u00e9quipe vous accompagne tout au long de vos projets.<\/p>\n<\/div>\n\n\n\n<div class=\"wp-block-column is-layout-flow wp-container-core-column-is-layout-4 wp-block-column-is-layout-flow\">\n<h2 class=\"wp-block-heading has-text-align-left has-text-color\" style=\"color:#000000;font-size:clamp(33.419px, 2.089rem + ((1vw - 3.2px) * 2.077), 60px);font-style:normal;font-weight:400;line-height:1.5\">4.<\/h2>\n\n\n\n<h3 class=\"wp-block-heading has-text-align-left has-text-color\" style=\"color:#000000;font-size:clamp(14.642px, 0.915rem + ((1vw - 3.2px) * 0.575), 22px);font-style:normal;font-weight:500;line-height:1.5\">Technologie<\/h3>\n\n\n\n<p class=\"has-text-align-left\">Nous mettons en \u0153uvre la technologie ad\u00e9quate pour r\u00e9pondre \u00e0 vos attentes.<\/p>\n<\/div>\n<\/div>\n<\/div><\/div>\n\n\n\n<div class=\"wp-block-cover alignfull is-light\" style=\"margin-top:0;margin-bottom:0;padding-top:0;padding-bottom:0;min-height:600px;aspect-ratio:unset;\"><span aria-hidden=\"true\" class=\"wp-block-cover__background has-base-background-color has-background-dim-0 has-background-dim\"><\/span><div class=\"wp-block-cover__inner-container is-layout-constrained wp-container-core-cover-is-layout-3 wp-block-cover-is-layout-constrained\">\n<div class=\"wp-block-columns is-layout-flex wp-container-core-columns-is-layout-2 wp-block-columns-is-layout-flex\" style=\"margin-top:96px;margin-bottom:96px\">\n<div class=\"wp-block-column is-layout-flow wp-block-column-is-layout-flow\" style=\"flex-basis:48%\">\n<figure class=\"wp-block-image size-full is-resized\"><img decoding=\"async\" src=\"https:\/\/images.unsplash.com\/photo-1516797045820-6edca89b2830?ixid=M3w1NjExMzd8MHwxfHNlYXJjaHw0MHx8c3BhY2V8ZW58MHx8fHwxNzM3MzYyMjgyfDA&amp;ixlib=rb-4.0.3&amp;fm=webp&amp;w=2560&amp;h=1707&amp;fit=crop\" alt=\"\" class=\"wp-image-2534\" style=\"aspect-ratio:1;object-fit:cover;width:600px;height:undefinedpx\"\/><\/figure>\n<\/div>\n\n\n\n<div class=\"wp-block-column is-vertically-aligned-center is-layout-flow wp-block-column-is-layout-flow\">\n<h2 class=\"wp-block-heading has-text-align-left has-text-color\" style=\"color:#000000;margin-top:0px;margin-bottom:2rem;font-size:clamp(24.034px, 1.502rem + ((1vw - 3.2px) * 1.247), 40px);font-style:normal;font-weight:400;line-height:1.2\">Notre Force<\/h2>\n\n\n\n<p class=\"has-text-align-left has-text-color\" style=\"color:#000000;margin-top:0px;margin-bottom:0px;font-size:clamp(14px, 0.875rem + ((1vw - 3.2px) * 0.313), 18px);line-height:1.5\">Chez Armor Arsenal, notre c\u0153ur de m\u00e9tier est la conception et la mise en \u0153uvre de produits adapt\u00e9s, fiables et robustes.<\/p>\n\n\n\n<hr class=\"wp-block-separator has-alpha-channel-opacity\"\/>\n\n\n\n<p class=\"has-text-align-left has-text-color\" style=\"color:#000000;margin-top:0px;margin-bottom:0px;font-size:clamp(14px, 0.875rem + ((1vw - 3.2px) * 0.313), 18px);line-height:1.5\">Pour r\u00e9pondre \u00e0 vos attentes, nous nous focalisons sur la cr\u00e9ation de produits sur-mesure.<\/p>\n\n\n\n<hr class=\"wp-block-separator has-alpha-channel-opacity\"\/>\n\n\n\n<p class=\"has-text-align-left has-text-color\" style=\"color:#000000;margin-top:0px;margin-bottom:0px;font-size:clamp(14px, 0.875rem + ((1vw - 3.2px) * 0.313), 18px);line-height:1.5\">Notre priorit\u00e9 est de satisfaire vos besoins dans les d\u00e9lais les plus courts.<\/p>\n<\/div>\n<\/div>\n<\/div><\/div>\n\n\n\n<hr class=\"wp-block-separator has-alpha-channel-opacity\"\/>\n\n\n\n<div class=\"wp-block-cover alignfull\" style=\"margin-top:0;margin-bottom:0;padding-top:100px;padding-bottom:100px;min-height:655px;aspect-ratio:unset;\"><span aria-hidden=\"true\" class=\"wp-block-cover__background has-background-dim-100 has-background-dim\" style=\"background-color:#317ac1\"><\/span><div class=\"wp-block-cover__inner-container is-layout-constrained wp-container-core-cover-is-layout-4 wp-block-cover-is-layout-constrained\">\n<h2 class=\"wp-block-heading has-text-align-center has-text-color\" style=\"border-style:none;border-width:0px;color:#ffffff;margin-top:0;margin-right:0;margin-bottom:0px;margin-left:0;font-size:clamp(32.064px, 2.004rem + ((1vw - 3.2px) * 1.948), 57px);font-style:normal;font-weight:400;line-height:1.2\">D\u00e9couvrez Nos Produits<\/h2>\n\n\n\n<p class=\"has-text-align-center\" style=\"font-size:clamp(16.834px, 1.052rem + ((1vw - 3.2px) * 0.716), 26px);\">Nous proposons une gamme de composants pour le contr\u00f4le des fluides ainsi que des produits \u00e0 fa\u00e7on.<\/p>\n\n\n\n<div class=\"wp-block-columns is-layout-flex wp-container-core-columns-is-layout-3 wp-block-columns-is-layout-flex\" style=\"margin-top:120px;margin-bottom:120px\">\n<div class=\"wp-block-column is-layout-flow wp-block-column-is-layout-flow\" style=\"flex-basis:300px\">\n<h3 class=\"wp-block-heading has-text-align-center has-palette-color-5-color has-text-color has-link-color wp-elements-2c55c3129aca78e93b705ebcf830fad5\" style=\"font-size:clamp(17.371px, 1.086rem + ((1vw - 3.2px) * 0.752), 27px);font-style:normal;font-weight:400;line-height:1.5;text-decoration:underline\"><a href=\"https:\/\/armor-arsenal.com\/fr\/products\/latching-valves\/\">Isolation Latching Valve<\/a><\/h3>\n\n\n\n<hr class=\"wp-block-separator has-text-color has-alpha-channel-opacity has-background is-style-default\" style=\"margin-top:var(--wp--preset--spacing--30);margin-bottom:var(--wp--preset--spacing--30);background-color:#ffffff00;color:#ffffff00\"\/>\n\n\n\n<figure class=\"wp-block-image aligncenter size-full\"><a href=\"https:\/\/armor-arsenal.com\/fr\/products\/latching-valves\/\"><img decoding=\"async\" width=\"612\" height=\"459\" src=\"https:\/\/armor-arsenal.com\/wp-content\/uploads\/2025\/01\/Capture-decran-2025-01-24-161349.png\" alt=\"\" class=\"wp-image-789\" srcset=\"https:\/\/armor-arsenal.com\/wp-content\/uploads\/2025\/01\/Capture-decran-2025-01-24-161349.png 612w, https:\/\/armor-arsenal.com\/wp-content\/uploads\/2025\/01\/Capture-decran-2025-01-24-161349-300x225.png 300w\" sizes=\"(max-width: 612px) 100vw, 612px\" \/><\/a><\/figure>\n\n\n\n<p class=\"has-text-color has-link-color wp-elements-8e6582dac6b313a980dbab58a5b1ebbb\" style=\"color:#243c5700\">d<\/p>\n<\/div>\n\n\n\n<div class=\"wp-block-column is-layout-flow wp-block-column-is-layout-flow\" style=\"flex-basis:300px\">\n<h3 class=\"wp-block-heading has-text-align-center has-palette-color-5-color has-text-color has-link-color wp-elements-f98b0d0d8c6ea68564ff488515f409ca\" style=\"font-size:clamp(17.371px, 1.086rem + ((1vw - 3.2px) * 0.752), 27px);font-style:normal;font-weight:400;line-height:1.5;text-decoration:underline\"><a href=\"https:\/\/armor-arsenal.com\/fr\/products\/flow-control-valves\/\">Flow Control Valves<\/a><\/h3>\n\n\n\n<hr class=\"wp-block-separator has-text-color has-alpha-channel-opacity has-background\" style=\"margin-top:var(--wp--preset--spacing--30);margin-bottom:var(--wp--preset--spacing--30);background-color:#ffffff00;color:#ffffff00\"\/>\n\n\n\n<figure class=\"wp-block-image aligncenter size-full\"><a href=\"https:\/\/armor-arsenal.com\/fr\/products\/flow-control-valves\/\"><img decoding=\"async\" width=\"2560\" height=\"1920\" src=\"https:\/\/armor-arsenal.com\/wp-content\/uploads\/2025\/01\/1234568-1-scaled.jpg\" alt=\"\" class=\"wp-image-711\" srcset=\"https:\/\/armor-arsenal.com\/wp-content\/uploads\/2025\/01\/1234568-1-scaled.jpg 2560w, https:\/\/armor-arsenal.com\/wp-content\/uploads\/2025\/01\/1234568-1-300x225.jpg 300w, https:\/\/armor-arsenal.com\/wp-content\/uploads\/2025\/01\/1234568-1-1024x768.jpg 1024w, https:\/\/armor-arsenal.com\/wp-content\/uploads\/2025\/01\/1234568-1-768x576.jpg 768w, https:\/\/armor-arsenal.com\/wp-content\/uploads\/2025\/01\/1234568-1-1536x1152.jpg 1536w, https:\/\/armor-arsenal.com\/wp-content\/uploads\/2025\/01\/1234568-1-2048x1536.jpg 2048w\" sizes=\"(max-width: 2560px) 100vw, 2560px\" \/><\/a><\/figure>\n<\/div>\n\n\n\n<div class=\"wp-block-column is-layout-flow wp-block-column-is-layout-flow\" style=\"flex-basis:300px\">\n<h3 class=\"wp-block-heading has-text-align-center has-palette-color-5-color has-text-color has-link-color wp-elements-e3e5ff429b92b629630feeeb1150cb0d\" style=\"font-size:clamp(17.371px, 1.086rem + ((1vw - 3.2px) * 0.752), 27px);font-style:normal;font-weight:400;line-height:1.5;text-decoration:underline\"><a href=\"https:\/\/armor-arsenal.com\/fr\/products\/feed-and-drain-valves\/\">Feed-and-Drain Valves<\/a><\/h3>\n\n\n\n<hr class=\"wp-block-separator has-text-color has-alpha-channel-opacity has-background\" style=\"margin-top:var(--wp--preset--spacing--30);margin-bottom:var(--wp--preset--spacing--30);background-color:#ffffff00;color:#ffffff00\"\/>\n\n\n\n<figure class=\"wp-block-image aligncenter size-full\"><a href=\"https:\/\/armor-arsenal.com\/fr\/products\/feed-and-drain-valves\/\"><img loading=\"lazy\" decoding=\"async\" width=\"2560\" height=\"1920\" src=\"https:\/\/armor-arsenal.com\/wp-content\/uploads\/2025\/01\/1244574-scaled.jpg\" alt=\"\" class=\"wp-image-783\" srcset=\"https:\/\/armor-arsenal.com\/wp-content\/uploads\/2025\/01\/1244574-scaled.jpg 2560w, https:\/\/armor-arsenal.com\/wp-content\/uploads\/2025\/01\/1244574-300x225.jpg 300w, https:\/\/armor-arsenal.com\/wp-content\/uploads\/2025\/01\/1244574-1024x768.jpg 1024w, https:\/\/armor-arsenal.com\/wp-content\/uploads\/2025\/01\/1244574-768x576.jpg 768w, https:\/\/armor-arsenal.com\/wp-content\/uploads\/2025\/01\/1244574-1536x1152.jpg 1536w, https:\/\/armor-arsenal.com\/wp-content\/uploads\/2025\/01\/1244574-2048x1536.jpg 2048w\" sizes=\"(max-width: 2560px) 100vw, 2560px\" \/><\/a><\/figure>\n<\/div>\n\n\n\n<div class=\"wp-block-column is-layout-flow wp-block-column-is-layout-flow\" style=\"flex-basis:300px\">\n<h3 class=\"wp-block-heading has-text-align-center has-palette-color-5-color has-text-color has-link-color wp-elements-757430fde55c0806fb5a0c8afa3e68e7\" style=\"font-size:clamp(16.293px, 1.018rem + ((1vw - 3.2px) * 0.68), 25px);font-style:normal;font-weight:400;line-height:1.5;text-decoration:underline\"><a href=\"https:\/\/armor-arsenal.com\/fr\/products\/composite-overwrapped-pressure-vessels\/\">Composite Overwrapped Pressure Vessels<\/a><\/h3>\n\n\n\n<hr class=\"wp-block-separator has-text-color has-alpha-channel-opacity has-background\" style=\"margin-top:var(--wp--preset--spacing--30);margin-bottom:var(--wp--preset--spacing--30);background-color:#ffffff00;color:#ffffff00\"\/>\n\n\n\n<figure class=\"wp-block-image aligncenter size-full\"><a href=\"https:\/\/armor-arsenal.com\/fr\/products\/composite-overwrapped-pressure-vessels\/\"><img loading=\"lazy\" decoding=\"async\" width=\"509\" height=\"381\" src=\"https:\/\/armor-arsenal.com\/wp-content\/uploads\/2025\/01\/COPV-modif.png\" alt=\"\" class=\"wp-image-597\" srcset=\"https:\/\/armor-arsenal.com\/wp-content\/uploads\/2025\/01\/COPV-modif.png 509w, https:\/\/armor-arsenal.com\/wp-content\/uploads\/2025\/01\/COPV-modif-300x225.png 300w\" sizes=\"(max-width: 509px) 100vw, 509px\" \/><\/a><\/figure>\n\n\n\n<p class=\"has-text-color has-link-color wp-elements-e4f12fdc7511d042432186b2bcef10b7\" style=\"color:#ffffff00\">a<\/p>\n<\/div>\n<\/div>\n<\/div><\/div>\n\n\n\n<p><\/p>","protected":false},"excerpt":{"rendered":"","protected":false},"author":3,"featured_media":0,"parent":0,"menu_order":1,"comment_status":"closed","ping_status":"closed","template":"","meta":{"footnotes":""},"class_list":["post-338","page","type-page","status-publish","hentry"],"blocksy_meta":{"styles_descriptor":{"styles":{"desktop":"","tablet":"","mobile":""},"google_fonts":[],"version":6}},"yoast_head":"<!-- This site is optimized with the Yoast SEO plugin v26.8 - https:\/\/yoast.com\/product\/yoast-seo-wordpress\/ -->\n<title>Armor Arsenal - New Space Systems<\/title>\n<meta name=\"description\" content=\"We specialize in flow control equipment tailored to provide the best solution in Aerospace and Defence applications. Interested ? We can discover how to adapt to your needs our products.\" \/>\n<meta name=\"robots\" content=\"index, follow, max-snippet:-1, max-image-preview:large, max-video-preview:-1\" \/>\n<link rel=\"canonical\" href=\"https:\/\/armor-arsenal.com\/fr\/\" \/>\n<meta property=\"og:locale\" content=\"fr_FR\" \/>\n<meta property=\"og:type\" content=\"article\" \/>\n<meta property=\"og:title\" content=\"Armor Arsenal - New Space Systems\" \/>\n<meta property=\"og:description\" content=\"We specialize in flow control equipment tailored to provide the best solution in Aerospace and Defence applications. Interested ? We can discover how to adapt to your needs our products.\" \/>\n<meta property=\"og:url\" content=\"https:\/\/armor-arsenal.com\/fr\/\" \/>\n<meta property=\"og:site_name\" content=\"Armor Arsenal\" \/>\n<meta property=\"article:modified_time\" content=\"2025-07-21T10:52:42+00:00\" \/>\n<meta property=\"og:image\" content=\"https:\/\/armor-arsenal.com\/wp-content\/uploads\/2025\/01\/Capture-decran-2025-01-14-134757.png\" \/>\n\t<meta property=\"og:image:width\" content=\"1120\" \/>\n\t<meta property=\"og:image:height\" content=\"619\" \/>\n\t<meta property=\"og:image:type\" content=\"image\/png\" \/>\n<meta name=\"twitter:card\" content=\"summary_large_image\" \/>\n<meta name=\"twitter:label1\" content=\"Dur\u00e9e de lecture estim\u00e9e\" \/>\n\t<meta name=\"twitter:data1\" content=\"2 minutes\" \/>\n<script type=\"application\/ld+json\" class=\"yoast-schema-graph\">{\"@context\":\"https:\/\/schema.org\",\"@graph\":[{\"@type\":\"WebPage\",\"@id\":\"https:\/\/armor-arsenal.com\/\",\"url\":\"https:\/\/armor-arsenal.com\/\",\"name\":\"Armor Arsenal - New Space Systems\",\"isPartOf\":{\"@id\":\"https:\/\/armor-arsenal.com\/#website\"},\"primaryImageOfPage\":{\"@id\":\"https:\/\/armor-arsenal.com\/#primaryimage\"},\"image\":{\"@id\":\"https:\/\/armor-arsenal.com\/#primaryimage\"},\"thumbnailUrl\":\"https:\/\/armor-arsenal.com\/wp-content\/uploads\/2025\/01\/Capture-decran-2025-01-14-134757.png\",\"datePublished\":\"2025-01-24T15:44:01+00:00\",\"dateModified\":\"2025-07-21T10:52:42+00:00\",\"description\":\"We specialize in flow control equipment tailored to provide the best solution in Aerospace and Defence applications. Interested ? We can discover how to adapt to your needs our products.\",\"breadcrumb\":{\"@id\":\"https:\/\/armor-arsenal.com\/#breadcrumb\"},\"inLanguage\":\"fr-FR\",\"potentialAction\":[{\"@type\":\"ReadAction\",\"target\":[\"https:\/\/armor-arsenal.com\/\"]}]},{\"@type\":\"ImageObject\",\"inLanguage\":\"fr-FR\",\"@id\":\"https:\/\/armor-arsenal.com\/#primaryimage\",\"url\":\"https:\/\/armor-arsenal.com\/wp-content\/uploads\/2025\/01\/Capture-decran-2025-01-14-134757.png\",\"contentUrl\":\"https:\/\/armor-arsenal.com\/wp-content\/uploads\/2025\/01\/Capture-decran-2025-01-14-134757.png\"},{\"@type\":\"BreadcrumbList\",\"@id\":\"https:\/\/armor-arsenal.com\/#breadcrumb\",\"itemListElement\":[{\"@type\":\"ListItem\",\"position\":1,\"name\":\"Accueil\",\"item\":\"https:\/\/armor-arsenal.com\/\"},{\"@type\":\"ListItem\",\"position\":2,\"name\":\"Home\"}]},{\"@type\":\"WebSite\",\"@id\":\"https:\/\/armor-arsenal.com\/#website\",\"url\":\"https:\/\/armor-arsenal.com\/\",\"name\":\"Armor Arsenal\",\"description\":\"New Space Systems\",\"publisher\":{\"@id\":\"https:\/\/armor-arsenal.com\/#organization\"},\"potentialAction\":[{\"@type\":\"SearchAction\",\"target\":{\"@type\":\"EntryPoint\",\"urlTemplate\":\"https:\/\/armor-arsenal.com\/?s={search_term_string}\"},\"query-input\":{\"@type\":\"PropertyValueSpecification\",\"valueRequired\":true,\"valueName\":\"search_term_string\"}}],\"inLanguage\":\"fr-FR\"},{\"@type\":\"Organization\",\"@id\":\"https:\/\/armor-arsenal.com\/#organization\",\"name\":\"Armor Arsenal\",\"url\":\"https:\/\/armor-arsenal.com\/\",\"logo\":{\"@type\":\"ImageObject\",\"inLanguage\":\"fr-FR\",\"@id\":\"https:\/\/armor-arsenal.com\/#\/schema\/logo\/image\/\",\"url\":\"\",\"contentUrl\":\"\",\"caption\":\"Armor Arsenal\"},\"image\":{\"@id\":\"https:\/\/armor-arsenal.com\/#\/schema\/logo\/image\/\"},\"sameAs\":[\"https:\/\/www.linkedin.com\/company\/armor-arsenal\/\"]}]}<\/script>\n<!-- \/ Yoast SEO plugin. -->","yoast_head_json":{"title":"Armor Arsenal - New Space Systems","description":"We specialize in flow control equipment tailored to provide the best solution in Aerospace and Defence applications. Interested ? We can discover how to adapt to your needs our products.","robots":{"index":"index","follow":"follow","max-snippet":"max-snippet:-1","max-image-preview":"max-image-preview:large","max-video-preview":"max-video-preview:-1"},"canonical":"https:\/\/armor-arsenal.com\/fr\/","og_locale":"fr_FR","og_type":"article","og_title":"Armor Arsenal - New Space Systems","og_description":"We specialize in flow control equipment tailored to provide the best solution in Aerospace and Defence applications. Interested ? We can discover how to adapt to your needs our products.","og_url":"https:\/\/armor-arsenal.com\/fr\/","og_site_name":"Armor Arsenal","article_modified_time":"2025-07-21T10:52:42+00:00","og_image":[{"width":1120,"height":619,"url":"https:\/\/armor-arsenal.com\/wp-content\/uploads\/2025\/01\/Capture-decran-2025-01-14-134757.png","type":"image\/png"}],"twitter_card":"summary_large_image","twitter_misc":{"Dur\u00e9e de lecture estim\u00e9e":"2 minutes"},"schema":{"@context":"https:\/\/schema.org","@graph":[{"@type":"WebPage","@id":"https:\/\/armor-arsenal.com\/","url":"https:\/\/armor-arsenal.com\/","name":"Armor Arsenal - New Space Systems","isPartOf":{"@id":"https:\/\/armor-arsenal.com\/#website"},"primaryImageOfPage":{"@id":"https:\/\/armor-arsenal.com\/#primaryimage"},"image":{"@id":"https:\/\/armor-arsenal.com\/#primaryimage"},"thumbnailUrl":"https:\/\/armor-arsenal.com\/wp-content\/uploads\/2025\/01\/Capture-decran-2025-01-14-134757.png","datePublished":"2025-01-24T15:44:01+00:00","dateModified":"2025-07-21T10:52:42+00:00","description":"We specialize in flow control equipment tailored to provide the best solution in Aerospace and Defence applications. Interested ? We can discover how to adapt to your needs our products.","breadcrumb":{"@id":"https:\/\/armor-arsenal.com\/#breadcrumb"},"inLanguage":"fr-FR","potentialAction":[{"@type":"ReadAction","target":["https:\/\/armor-arsenal.com\/"]}]},{"@type":"ImageObject","inLanguage":"fr-FR","@id":"https:\/\/armor-arsenal.com\/#primaryimage","url":"https:\/\/armor-arsenal.com\/wp-content\/uploads\/2025\/01\/Capture-decran-2025-01-14-134757.png","contentUrl":"https:\/\/armor-arsenal.com\/wp-content\/uploads\/2025\/01\/Capture-decran-2025-01-14-134757.png"},{"@type":"BreadcrumbList","@id":"https:\/\/armor-arsenal.com\/#breadcrumb","itemListElement":[{"@type":"ListItem","position":1,"name":"Accueil","item":"https:\/\/armor-arsenal.com\/"},{"@type":"ListItem","position":2,"name":"Home"}]},{"@type":"WebSite","@id":"https:\/\/armor-arsenal.com\/#website","url":"https:\/\/armor-arsenal.com\/","name":"Armor Arsenal","description":"New Space Systems","publisher":{"@id":"https:\/\/armor-arsenal.com\/#organization"},"potentialAction":[{"@type":"SearchAction","target":{"@type":"EntryPoint","urlTemplate":"https:\/\/armor-arsenal.com\/?s={search_term_string}"},"query-input":{"@type":"PropertyValueSpecification","valueRequired":true,"valueName":"search_term_string"}}],"inLanguage":"fr-FR"},{"@type":"Organization","@id":"https:\/\/armor-arsenal.com\/#organization","name":"Armor Arsenal","url":"https:\/\/armor-arsenal.com\/","logo":{"@type":"ImageObject","inLanguage":"fr-FR","@id":"https:\/\/armor-arsenal.com\/#\/schema\/logo\/image\/","url":"","contentUrl":"","caption":"Armor Arsenal"},"image":{"@id":"https:\/\/armor-arsenal.com\/#\/schema\/logo\/image\/"},"sameAs":["https:\/\/www.linkedin.com\/company\/armor-arsenal\/"]}]}},"_links":{"self":[{"href":"https:\/\/armor-arsenal.com\/fr\/wp-json\/wp\/v2\/pages\/338","targetHints":{"allow":["GET"]}}],"collection":[{"href":"https:\/\/armor-arsenal.com\/fr\/wp-json\/wp\/v2\/pages"}],"about":[{"href":"https:\/\/armor-arsenal.com\/fr\/wp-json\/wp\/v2\/types\/page"}],"author":[{"embeddable":true,"href":"https:\/\/armor-arsenal.com\/fr\/wp-json\/wp\/v2\/users\/3"}],"replies":[{"embeddable":true,"href":"https:\/\/armor-arsenal.com\/fr\/wp-json\/wp\/v2\/comments?post=338"}],"version-history":[{"count":65,"href":"https:\/\/armor-arsenal.com\/fr\/wp-json\/wp\/v2\/pages\/338\/revisions"}],"predecessor-version":[{"id":1049,"href":"https:\/\/armor-arsenal.com\/fr\/wp-json\/wp\/v2\/pages\/338\/revisions\/1049"}],"wp:attachment":[{"href":"https:\/\/armor-arsenal.com\/fr\/wp-json\/wp\/v2\/media?parent=338"}],"curies":[{"name":"wp","href":"https:\/\/api.w.org\/{rel}","templated":true}]}}